{"id":8485,"date":"2026-03-12T00:26:04","date_gmt":"2026-03-11T23:26:04","guid":{"rendered":"http:\/\/antiquariat-steinbach.com\/rarebooks\/produkt\/le-cuisinier-imperial-de-la-ville-et-de-la-campagne-ex-cuisinier-royal\/"},"modified":"2026-03-12T00:26:06","modified_gmt":"2026-03-11T23:26:06","slug":"viart-fouret-et-delan-le-cuisinier-imperial-de-la-ville-et-de-la-campagne-ex-cuisinier-royal","status":"publish","type":"product","link":"https:\/\/antiquariat-steinbach.com\/rarebooks\/produkt\/viart-fouret-et-delan-le-cuisinier-imperial-de-la-ville-et-de-la-campagne-ex-cuisinier-royal\/","title":{"rendered":"Viart, Fouret et D\u00e9lan: &#8211;  Le cuisinier imp\u00e9rial de la ville et de la campagne (ex-cuisinier royal)."},"content":{"rendered":"<p>Paris, Barba 1856.<\/p>\n<p>22 : 14 cm. 4 Blatt, 616 Seiten mit 12 ganzseitigen Textholzschnitten. Leinenband der Zeit mit reicher R\u00fcckenvergoldung.<\/p>\n<p>280,00 EUR<\/p>\n","protected":false},"excerpt":{"rendered":"<p>Eines der ber\u00fchmtesten Kochb\u00fccher des 19. Jahrhunderts. Die Titel wurden im Einklang mit der politischen Situation Frankreichs ge\u00e4ndert, die erste Ausgabe 1806 erschien als &#8222;Cuisinier imp\u00e9rial&#8220; , die 2. von 1817 als &#8222;Cuisinier national&#8220;, dann nach dem Sturz der Bourbonen als &#8222;Cuisinier national&#8220;, unter Napoleon III. 1854 wieder als &#8222;Cuisinier imp\u00e9rial&#8220;. &#8211; R\u00fcckdeckel gelockert, die letzten beiden Blatt etwas knittrig, sonst gutes Exemplar. &#8211; Vgl. Weiss 3948; Georg 1389; Vicaire 860; Horn\/A. 614.<\/p>\n","protected":false},"featured_media":0,"template":"","meta":[],"product_brand":[],"product_cat":[143,58,112,914],"product_tag":[],"class_list":{"0":"post-8485","1":"product","2":"type-product","3":"status-publish","5":"product_cat-francais","6":"product_cat-gastronomie","7":"product_cat-kochbuecher","8":"product_cat-zvab","10":"first","11":"instock","12":"purchasable","13":"product-type-simple"},"_links":{"self":[{"href":"https:\/\/antiquariat-steinbach.com\/rarebooks\/wp-json\/wp\/v2\/product\/8485","targetHints":{"allow":["GET"]}}],"collection":[{"href":"https:\/\/antiquariat-steinbach.com\/rarebooks\/wp-json\/wp\/v2\/product"}],"about":[{"href":"https:\/\/antiquariat-steinbach.com\/rarebooks\/wp-json\/wp\/v2\/types\/product"}],"version-history":[{"count":3,"href":"https:\/\/antiquariat-steinbach.com\/rarebooks\/wp-json\/wp\/v2\/product\/8485\/revisions"}],"predecessor-version":[{"id":22143,"href":"https:\/\/antiquariat-steinbach.com\/rarebooks\/wp-json\/wp\/v2\/product\/8485\/revisions\/22143"}],"wp:attachment":[{"href":"https:\/\/antiquariat-steinbach.com\/rarebooks\/wp-json\/wp\/v2\/media?parent=8485"}],"wp:term":[{"taxonomy":"product_brand","embeddable":true,"href":"https:\/\/antiquariat-steinbach.com\/rarebooks\/wp-json\/wp\/v2\/product_brand?post=8485"},{"taxonomy":"product_cat","embeddable":true,"href":"https:\/\/antiquariat-steinbach.com\/rarebooks\/wp-json\/wp\/v2\/product_cat?post=8485"},{"taxonomy":"product_tag","embeddable":true,"href":"https:\/\/antiquariat-steinbach.com\/rarebooks\/wp-json\/wp\/v2\/product_tag?post=8485"}],"curies":[{"name":"wp","href":"https:\/\/api.w.org\/{rel}","templated":true}]}}