{"id":8451,"date":"2026-03-12T00:26:02","date_gmt":"2026-03-11T23:26:02","guid":{"rendered":"http:\/\/antiquariat-steinbach.com\/rarebooks\/produkt\/favole-scelte-auserlesene-fabeln\/"},"modified":"2026-03-12T00:26:02","modified_gmt":"2026-03-11T23:26:02","slug":"veneroni-und-balthasar-nikisch-favole-scelte-auserlesene-fabeln","status":"publish","type":"product","link":"https:\/\/antiquariat-steinbach.com\/rarebooks\/produkt\/veneroni-und-balthasar-nikisch-favole-scelte-auserlesene-fabeln\/","title":{"rendered":"Veneroni, und Balthasar Nikisch: &#8211;  Favole scelte&#8230;Auserlesene Fabeln."},"content":{"rendered":"<p>Augsburg, Stei\u00dflinger 1735.<\/p>\n<p>20 : 17 cm. 2 Blatt, 106 Seiten Mit gestochenem Frontispiz und Kupfertitel und 95 Kupfer auf 48 Tafeln von Johanna Sybille Kraus. Halbpergament im Stil der Zeit.<\/p>\n<p>650,00 EUR<\/p>\n","protected":false},"excerpt":{"rendered":"<p>Die h\u00fcbschen, meist emblematischen Kupfer, sind von Johanna Sybille Kraus, geb. K\u00fcsel) der Ehefrau von Johann Ulrich Kraus. Unter den Kupfern auch einige Berufsdarstellungen wie Koch, Bauer, J\u00e4ger, Winzer, Vogelsteller u.a. Dreisprachige Ausgabe in Italienisch, Deutsch und Franz\u00f6sisch mit entsprechenden Bildunterschriften. &#8211; Die ersten 30 Seiten rechts oben mit Braunfleck, stellenweise st\u00e4rker stockfleckig, Textbl\u00e4tter im oberen Rand teils knapp beschnitten, teils mit wenig Textverlust, die Seiten 1\/2 verbunden, die Tafeln nur wenig fleckig und meist in guten Abdrucken, Tafel 13 oben rechts mit etwas Bildverlust. &#8211; Praz S. 331 (Ausgabe 1707).<\/p>\n","protected":false},"featured_media":18221,"template":"","meta":[],"product_brand":[],"product_cat":[517,342,43,914],"product_tag":[],"class_list":{"0":"post-8451","1":"product","2":"type-product","3":"status-publish","4":"has-post-thumbnail","6":"product_cat-fabeln","7":"product_cat-ffm11","8":"product_cat-illustrierte-buecher","9":"product_cat-zvab","11":"first","12":"instock","13":"purchasable","14":"product-type-simple"},"_links":{"self":[{"href":"https:\/\/antiquariat-steinbach.com\/rarebooks\/wp-json\/wp\/v2\/product\/8451","targetHints":{"allow":["GET"]}}],"collection":[{"href":"https:\/\/antiquariat-steinbach.com\/rarebooks\/wp-json\/wp\/v2\/product"}],"about":[{"href":"https:\/\/antiquariat-steinbach.com\/rarebooks\/wp-json\/wp\/v2\/types\/product"}],"version-history":[{"count":3,"href":"https:\/\/antiquariat-steinbach.com\/rarebooks\/wp-json\/wp\/v2\/product\/8451\/revisions"}],"predecessor-version":[{"id":22116,"href":"https:\/\/antiquariat-steinbach.com\/rarebooks\/wp-json\/wp\/v2\/product\/8451\/revisions\/22116"}],"wp:featuredmedia":[{"embeddable":true,"href":"https:\/\/antiquariat-steinbach.com\/rarebooks\/wp-json\/wp\/v2\/media\/18221"}],"wp:attachment":[{"href":"https:\/\/antiquariat-steinbach.com\/rarebooks\/wp-json\/wp\/v2\/media?parent=8451"}],"wp:term":[{"taxonomy":"product_brand","embeddable":true,"href":"https:\/\/antiquariat-steinbach.com\/rarebooks\/wp-json\/wp\/v2\/product_brand?post=8451"},{"taxonomy":"product_cat","embeddable":true,"href":"https:\/\/antiquariat-steinbach.com\/rarebooks\/wp-json\/wp\/v2\/product_cat?post=8451"},{"taxonomy":"product_tag","embeddable":true,"href":"https:\/\/antiquariat-steinbach.com\/rarebooks\/wp-json\/wp\/v2\/product_tag?post=8451"}],"curies":[{"name":"wp","href":"https:\/\/api.w.org\/{rel}","templated":true}]}}