{"id":845,"date":"2026-03-12T00:24:30","date_gmt":"2026-03-11T23:24:30","guid":{"rendered":"http:\/\/antiquariat-steinbach.com\/rarebooks\/produkt\/wiener-allgemeine-theaterzeitung\/"},"modified":"2026-03-12T00:24:31","modified_gmt":"2026-03-11T23:24:31","slug":"theater-baeuerle-adolf-wiener-allgemeine-theaterzeitung","status":"publish","type":"product","link":"https:\/\/antiquariat-steinbach.com\/rarebooks\/produkt\/theater-baeuerle-adolf-wiener-allgemeine-theaterzeitung\/","title":{"rendered":"Theater &#8211;   B\u00e4uerle, Adolf: &#8211;  Wiener allgemeine Theaterzeitung."},"content":{"rendered":"<p>Wien, Im Bureau der allgemeinen Theaterzeitung 1840.<\/p>\n<p>34. Jahrgang. 30 : 23 cm. Seiten 693-1376 Mit 30 kolorierten Tafeln. Halbleinenband der Zeit mit etwas R\u00fcckenvergoldung.<\/p>\n<p>450,00 EUR<\/p>\n","protected":false},"excerpt":{"rendered":"<p>Das komplette zweite Halbjahr 1841 der ber\u00fchmten Theaterzeitung mit den Kupfern. Davon 25 Mode-Bilder, 3 gro\u00dfe Cost\u00fcm-Bilder und 2 gro\u00dfe Tafeln &#8218;Wiener Szenen&#8216;. Eine Tafel der &#8218;Wiener Szenen&#8216; zeigt den &#8218;Harem im Elisium. &#8211; Durchgehend etwas fleckig.<\/p>\n","protected":false},"featured_media":9840,"template":"","meta":[],"product_brand":[],"product_cat":[71,145,914],"product_tag":[],"class_list":{"0":"post-845","1":"product","2":"type-product","3":"status-publish","4":"has-post-thumbnail","6":"product_cat-austriaca","7":"product_cat-theater","8":"product_cat-zvab","10":"first","11":"instock","12":"purchasable","13":"product-type-simple"},"_links":{"self":[{"href":"https:\/\/antiquariat-steinbach.com\/rarebooks\/wp-json\/wp\/v2\/product\/845","targetHints":{"allow":["GET"]}}],"collection":[{"href":"https:\/\/antiquariat-steinbach.com\/rarebooks\/wp-json\/wp\/v2\/product"}],"about":[{"href":"https:\/\/antiquariat-steinbach.com\/rarebooks\/wp-json\/wp\/v2\/types\/product"}],"version-history":[{"count":4,"href":"https:\/\/antiquariat-steinbach.com\/rarebooks\/wp-json\/wp\/v2\/product\/845\/revisions"}],"predecessor-version":[{"id":25034,"href":"https:\/\/antiquariat-steinbach.com\/rarebooks\/wp-json\/wp\/v2\/product\/845\/revisions\/25034"}],"wp:featuredmedia":[{"embeddable":true,"href":"https:\/\/antiquariat-steinbach.com\/rarebooks\/wp-json\/wp\/v2\/media\/9840"}],"wp:attachment":[{"href":"https:\/\/antiquariat-steinbach.com\/rarebooks\/wp-json\/wp\/v2\/media?parent=845"}],"wp:term":[{"taxonomy":"product_brand","embeddable":true,"href":"https:\/\/antiquariat-steinbach.com\/rarebooks\/wp-json\/wp\/v2\/product_brand?post=845"},{"taxonomy":"product_cat","embeddable":true,"href":"https:\/\/antiquariat-steinbach.com\/rarebooks\/wp-json\/wp\/v2\/product_cat?post=845"},{"taxonomy":"product_tag","embeddable":true,"href":"https:\/\/antiquariat-steinbach.com\/rarebooks\/wp-json\/wp\/v2\/product_tag?post=845"}],"curies":[{"name":"wp","href":"https:\/\/api.w.org\/{rel}","templated":true}]}}