{"id":8449,"date":"2026-03-12T00:20:42","date_gmt":"2026-03-11T23:20:42","guid":{"rendered":"http:\/\/antiquariat-steinbach.com\/rarebooks\/produkt\/grand-albergo-alla-luna\/"},"modified":"2026-03-12T00:20:43","modified_gmt":"2026-03-11T23:20:43","slug":"ruol-bortolo-grand-albergo-alla-luna","status":"publish","type":"product","link":"https:\/\/antiquariat-steinbach.com\/rarebooks\/produkt\/ruol-bortolo-grand-albergo-alla-luna\/","title":{"rendered":"Ruol, Bortolo: &#8211;  Grand Albergo alla Luna."},"content":{"rendered":"<p>Venedig u.a, 1874 &#8211; 1875.<\/p>\n<p>37,5 : 16,5 &#8211; 20,5 : 15 cm. 10 Blatt Mit 5 gestochenen kleinen Ansichten.<\/p>\n<p>180,00 EUR<\/p>\n","protected":false},"excerpt":{"rendered":"<p>Originelle Rechnungen teils mit kleinen Ansichten der entsprechenden Hotels, so empfiehlt sich z.B. das Allbergo alla luna: ..con stabilimento Bagni il piu vicino alla Piazza S. Marco  &#8211; Grosser Gasthof mit stabilen B\u00e4dern ganz in der N\u00e4he des Marcusplatzes mit der Front gegen den K. Palast, neu restauriert und erweitert. Damals kosteten 19 \u00dcbernachtungen 57 Lire! Die weiteren Rechnungen sind vom Hotel Belle Vue in Venedig, Hotel Milan in Rom, Hotel de France in Neapel, Hotel de la Victoire in Ancona und Kreuzwirt Pitscheider in Gries bei Bozen. &#8211; Meist gefaltet.<\/p>\n","protected":false},"featured_media":18064,"template":"","meta":[],"product_brand":[],"product_cat":[58,104,194,914],"product_tag":[],"class_list":{"0":"post-8449","1":"product","2":"type-product","3":"status-publish","4":"has-post-thumbnail","6":"product_cat-gastronomie","7":"product_cat-italien","8":"product_cat-menuekarten","9":"product_cat-zvab","11":"first","12":"instock","13":"purchasable","14":"product-type-simple"},"_links":{"self":[{"href":"https:\/\/antiquariat-steinbach.com\/rarebooks\/wp-json\/wp\/v2\/product\/8449","targetHints":{"allow":["GET"]}}],"collection":[{"href":"https:\/\/antiquariat-steinbach.com\/rarebooks\/wp-json\/wp\/v2\/product"}],"about":[{"href":"https:\/\/antiquariat-steinbach.com\/rarebooks\/wp-json\/wp\/v2\/types\/product"}],"version-history":[{"count":4,"href":"https:\/\/antiquariat-steinbach.com\/rarebooks\/wp-json\/wp\/v2\/product\/8449\/revisions"}],"predecessor-version":[{"id":21454,"href":"https:\/\/antiquariat-steinbach.com\/rarebooks\/wp-json\/wp\/v2\/product\/8449\/revisions\/21454"}],"wp:featuredmedia":[{"embeddable":true,"href":"https:\/\/antiquariat-steinbach.com\/rarebooks\/wp-json\/wp\/v2\/media\/18064"}],"wp:attachment":[{"href":"https:\/\/antiquariat-steinbach.com\/rarebooks\/wp-json\/wp\/v2\/media?parent=8449"}],"wp:term":[{"taxonomy":"product_brand","embeddable":true,"href":"https:\/\/antiquariat-steinbach.com\/rarebooks\/wp-json\/wp\/v2\/product_brand?post=8449"},{"taxonomy":"product_cat","embeddable":true,"href":"https:\/\/antiquariat-steinbach.com\/rarebooks\/wp-json\/wp\/v2\/product_cat?post=8449"},{"taxonomy":"product_tag","embeddable":true,"href":"https:\/\/antiquariat-steinbach.com\/rarebooks\/wp-json\/wp\/v2\/product_tag?post=8449"}],"curies":[{"name":"wp","href":"https:\/\/api.w.org\/{rel}","templated":true}]}}