{"id":843,"date":"2026-03-12T00:01:02","date_gmt":"2026-03-11T23:01:02","guid":{"rendered":"http:\/\/antiquariat-steinbach.com\/rarebooks\/produkt\/gott-erhalte-franz-den-kaiser-erinnerungsbuch-der-unterthanenliebe-an-die-unvergessliche-epoche-des-jahres-1826-wo-eine-gefaehrliche-krankheit-bald-das-kostbare-leben-des-angebetheten-landes-vaters\/"},"modified":"2026-03-12T00:01:02","modified_gmt":"2026-03-11T23:01:02","slug":"baeuerle-adolf-gott-erhalte-franz-den-kaiser-erinnerungsbuch-der-unterthanenliebe-an-die-unvergessliche-epoche-des-jahres-1826-wo-eine-gefaehrliche-krankheit-bald-das-kostbare-leben-des-angebet","status":"publish","type":"product","link":"https:\/\/antiquariat-steinbach.com\/rarebooks\/produkt\/baeuerle-adolf-gott-erhalte-franz-den-kaiser-erinnerungsbuch-der-unterthanenliebe-an-die-unvergessliche-epoche-des-jahres-1826-wo-eine-gefaehrliche-krankheit-bald-das-kostbare-leben-des-angebet\/","title":{"rendered":"B\u00e4uerle, Adolf: &#8211;  Gott erhalte Franz den Kaiser! Erinnerungsbuch der Unterthanenliebe an die unverge\u00dfliche Epoche des Jahres 1826, wo eine gef\u00e4hrliche Krankheit bald das kostbare Leben des angebetheten Landes-Vaters entrissen h\u00e4tte."},"content":{"rendered":"<p>Wien, Haykul 1828.<\/p>\n<p>2. Auflage. 27,5 : 22,5 cm. 24 Blatt, VI, 263 Seiten, 2 Blatt mit gestochenem Portr\u00e4t des Kaisers, 1 gefaltete lithographierte Beilage von Franz Wiig(?), 1 Musikbeilage. Pappband der Zeit.<\/p>\n<p>80,00 EUR<\/p>\n","protected":false},"excerpt":{"rendered":"<p>Beschreibt ausf\u00fchrlich Krankheit, Genesung und erste Ausfahrt des Kaisers, sowie Bittgottesdienste und Dankesfeiern in allen L\u00e4ndern. Ferner Gedichte und Prosa auf die Genesung u.a. Grillparzers &#8218;Vision&#8216;, J.F. Weigls &#8218;Der Herrscher von Korinth&#8216; etc. Mit einem ausf\u00fchrlichen Verzeichnis der vorkommenden Namen und Gegenst\u00e4nde, Ortschaften, Gemeinden, W\u00fcrden, Beh\u00f6rden und Festlichkeiten. Mit Subsribienten-Verzeichnis. Auf starkes Papier gedruckt. &#8211; Die ersten und letzten Blatt etwas fleckig, Titelblatt mit Abklatsch des Portr\u00e4ts, einige Seiten gebr\u00e4unt, Exlibris, sonst innen gut; Einband st\u00e4rker berieben und bestossen.<\/p>\n","protected":false},"featured_media":16300,"template":"","meta":[],"product_brand":[],"product_cat":[71,97,914],"product_tag":[],"class_list":{"0":"post-843","1":"product","2":"type-product","3":"status-publish","4":"has-post-thumbnail","6":"product_cat-austriaca","7":"product_cat-geschichte","8":"product_cat-zvab","10":"first","11":"instock","12":"purchasable","13":"product-type-simple"},"_links":{"self":[{"href":"https:\/\/antiquariat-steinbach.com\/rarebooks\/wp-json\/wp\/v2\/product\/843","targetHints":{"allow":["GET"]}}],"collection":[{"href":"https:\/\/antiquariat-steinbach.com\/rarebooks\/wp-json\/wp\/v2\/product"}],"about":[{"href":"https:\/\/antiquariat-steinbach.com\/rarebooks\/wp-json\/wp\/v2\/types\/product"}],"version-history":[{"count":5,"href":"https:\/\/antiquariat-steinbach.com\/rarebooks\/wp-json\/wp\/v2\/product\/843\/revisions"}],"predecessor-version":[{"id":27570,"href":"https:\/\/antiquariat-steinbach.com\/rarebooks\/wp-json\/wp\/v2\/product\/843\/revisions\/27570"}],"wp:featuredmedia":[{"embeddable":true,"href":"https:\/\/antiquariat-steinbach.com\/rarebooks\/wp-json\/wp\/v2\/media\/16300"}],"wp:attachment":[{"href":"https:\/\/antiquariat-steinbach.com\/rarebooks\/wp-json\/wp\/v2\/media?parent=843"}],"wp:term":[{"taxonomy":"product_brand","embeddable":true,"href":"https:\/\/antiquariat-steinbach.com\/rarebooks\/wp-json\/wp\/v2\/product_brand?post=843"},{"taxonomy":"product_cat","embeddable":true,"href":"https:\/\/antiquariat-steinbach.com\/rarebooks\/wp-json\/wp\/v2\/product_cat?post=843"},{"taxonomy":"product_tag","embeddable":true,"href":"https:\/\/antiquariat-steinbach.com\/rarebooks\/wp-json\/wp\/v2\/product_tag?post=843"}],"curies":[{"name":"wp","href":"https:\/\/api.w.org\/{rel}","templated":true}]}}