{"id":8425,"date":"2026-03-12T00:25:00","date_gmt":"2026-03-11T23:25:00","guid":{"rendered":"http:\/\/antiquariat-steinbach.com\/rarebooks\/produkt\/reise-in-mittelasien-von-teheran-durch-die-turkmenische-wueste-an-der-ostkueste-des-kaspischen-meeres-nach-chiwa-bochara-und-samarkand-ausgefuehrt-im-jahr-1863-2\/"},"modified":"2026-03-12T00:25:00","modified_gmt":"2026-03-11T23:25:00","slug":"vambery-hermann-reise-in-mittelasien-von-teheran-durch-die-turkmenische-wueste-an-der-ostkueste-des-kaspischen-meeres-nach-chiwa-bochara-und-samarkand-ausgefuehrt-im-jahr-1863","status":"publish","type":"product","link":"https:\/\/antiquariat-steinbach.com\/rarebooks\/produkt\/vambery-hermann-reise-in-mittelasien-von-teheran-durch-die-turkmenische-wueste-an-der-ostkueste-des-kaspischen-meeres-nach-chiwa-bochara-und-samarkand-ausgefuehrt-im-jahr-1863\/","title":{"rendered":"Vambery, Hermann: &#8211;  Reise in Mittelasien von Teheran durch die Turkmenische W\u00fcste an der Ostk\u00fcste des Kaspischen Meeres nach Chiwa, Bochara und Samarkand ausgef\u00fchrt im Jahr 1863."},"content":{"rendered":"<p>Leipzig, Brockhaus 1865.<\/p>\n<p>22 : 14 cm. XV pages, 1 leaf, 352 pages. with 12 woodcut-plates, 1 folded, lithographed, coloured map. Contemporary half calf.<\/p>\n<p>450,00 EUR<\/p>\n","protected":false},"excerpt":{"rendered":"<p>First german edition of the description of the first journey of a Western Eurpean to this aerea. To not call the attantion the auther could make his notes on the journey only in secret.<\/p>\n","protected":false},"featured_media":0,"template":"","meta":[],"product_brand":[],"product_cat":[63,65,34,914],"product_tag":[],"class_list":{"0":"post-8425","1":"product","2":"type-product","3":"status-publish","5":"product_cat-asien","6":"product_cat-geographie","7":"product_cat-nov-11","8":"product_cat-zvab","10":"first","11":"instock","12":"purchasable","13":"product-type-simple"},"_links":{"self":[{"href":"https:\/\/antiquariat-steinbach.com\/rarebooks\/wp-json\/wp\/v2\/product\/8425","targetHints":{"allow":["GET"]}}],"collection":[{"href":"https:\/\/antiquariat-steinbach.com\/rarebooks\/wp-json\/wp\/v2\/product"}],"about":[{"href":"https:\/\/antiquariat-steinbach.com\/rarebooks\/wp-json\/wp\/v2\/types\/product"}],"version-history":[{"count":3,"href":"https:\/\/antiquariat-steinbach.com\/rarebooks\/wp-json\/wp\/v2\/product\/8425\/revisions"}],"predecessor-version":[{"id":22107,"href":"https:\/\/antiquariat-steinbach.com\/rarebooks\/wp-json\/wp\/v2\/product\/8425\/revisions\/22107"}],"wp:attachment":[{"href":"https:\/\/antiquariat-steinbach.com\/rarebooks\/wp-json\/wp\/v2\/media?parent=8425"}],"wp:term":[{"taxonomy":"product_brand","embeddable":true,"href":"https:\/\/antiquariat-steinbach.com\/rarebooks\/wp-json\/wp\/v2\/product_brand?post=8425"},{"taxonomy":"product_cat","embeddable":true,"href":"https:\/\/antiquariat-steinbach.com\/rarebooks\/wp-json\/wp\/v2\/product_cat?post=8425"},{"taxonomy":"product_tag","embeddable":true,"href":"https:\/\/antiquariat-steinbach.com\/rarebooks\/wp-json\/wp\/v2\/product_tag?post=8425"}],"curies":[{"name":"wp","href":"https:\/\/api.w.org\/{rel}","templated":true}]}}