{"id":8411,"date":"2026-03-12T00:24:58","date_gmt":"2026-03-11T23:24:58","guid":{"rendered":"http:\/\/antiquariat-steinbach.com\/rarebooks\/produkt\/parfum-und-schminke-im-wandel-der-zeiten\/"},"modified":"2026-03-12T00:24:59","modified_gmt":"2026-03-11T23:24:59","slug":"uzanne-octave-parfum-und-schminke-im-wandel-der-zeiten","status":"publish","type":"product","link":"https:\/\/antiquariat-steinbach.com\/rarebooks\/produkt\/uzanne-octave-parfum-und-schminke-im-wandel-der-zeiten\/","title":{"rendered":"Uzanne, Octave: &#8211;  Parfum und Schminke im Wandel der Zeiten."},"content":{"rendered":"<p>Genf, Blanc (1927).<\/p>\n<p>17 : 12 cm. 2 Blatt, 74 Seiten mit 4 farbigen Tafeln, illustriertem Titel und reichem Buchschmuck von L\u00e9on Carr\u00e9. Farbig illustrierte Original-Broschur.<\/p>\n<p>60,00 EUR<\/p>\n","protected":false},"excerpt":{"rendered":"<p>In Briefen abgefa\u00dfte, kulturgeschichtlich interessante Abhandlung \u00fcber Parf\u00fcm, Schminke etc. Reizend illustriert. Mit dem seltenen illustrierten Lesezeichen.<\/p>\n","protected":false},"featured_media":25066,"template":"","meta":[],"product_brand":[],"product_cat":[43,59,547,914],"product_tag":[],"class_list":{"0":"post-8411","1":"product","2":"type-product","3":"status-publish","4":"has-post-thumbnail","6":"product_cat-illustrierte-buecher","7":"product_cat-kulturgeschichte","8":"product_cat-parfuem","9":"product_cat-zvab","11":"first","12":"instock","13":"purchasable","14":"product-type-simple"},"_links":{"self":[{"href":"https:\/\/antiquariat-steinbach.com\/rarebooks\/wp-json\/wp\/v2\/product\/8411","targetHints":{"allow":["GET"]}}],"collection":[{"href":"https:\/\/antiquariat-steinbach.com\/rarebooks\/wp-json\/wp\/v2\/product"}],"about":[{"href":"https:\/\/antiquariat-steinbach.com\/rarebooks\/wp-json\/wp\/v2\/types\/product"}],"version-history":[{"count":4,"href":"https:\/\/antiquariat-steinbach.com\/rarebooks\/wp-json\/wp\/v2\/product\/8411\/revisions"}],"predecessor-version":[{"id":25065,"href":"https:\/\/antiquariat-steinbach.com\/rarebooks\/wp-json\/wp\/v2\/product\/8411\/revisions\/25065"}],"wp:featuredmedia":[{"embeddable":true,"href":"https:\/\/antiquariat-steinbach.com\/rarebooks\/wp-json\/wp\/v2\/media\/25066"}],"wp:attachment":[{"href":"https:\/\/antiquariat-steinbach.com\/rarebooks\/wp-json\/wp\/v2\/media?parent=8411"}],"wp:term":[{"taxonomy":"product_brand","embeddable":true,"href":"https:\/\/antiquariat-steinbach.com\/rarebooks\/wp-json\/wp\/v2\/product_brand?post=8411"},{"taxonomy":"product_cat","embeddable":true,"href":"https:\/\/antiquariat-steinbach.com\/rarebooks\/wp-json\/wp\/v2\/product_cat?post=8411"},{"taxonomy":"product_tag","embeddable":true,"href":"https:\/\/antiquariat-steinbach.com\/rarebooks\/wp-json\/wp\/v2\/product_tag?post=8411"}],"curies":[{"name":"wp","href":"https:\/\/api.w.org\/{rel}","templated":true}]}}