{"id":839,"date":"2026-03-12T00:00:59","date_gmt":"2026-03-11T23:00:59","guid":{"rendered":"http:\/\/antiquariat-steinbach.com\/rarebooks\/produkt\/baeren\/"},"modified":"2026-03-12T00:01:01","modified_gmt":"2026-03-11T23:01:01","slug":"baeren-pock-alexander-baeren","status":"publish","type":"product","link":"https:\/\/antiquariat-steinbach.com\/rarebooks\/produkt\/baeren-pock-alexander-baeren\/","title":{"rendered":"B\u00e4ren &#8211;   Pock, Alexander. &#8211;  B\u00e4ren."},"content":{"rendered":"<p>ca. 1920<\/p>\n<p>48 : 37 cm Mehrere Lithographien auf Karton montiert, rechts unten signiert.<\/p>\n<p>150,00 EUR<\/p>\n","protected":false},"excerpt":{"rendered":"<p>Alexander Pock (1871-1950) \u00f6sterreichischer Milit\u00e4r-, Genre- und Portraitmaler. Merere Darstellungen von B\u00e4ren auf einem Blatt montiert. &#8211; Tadellos.<\/p>\n","protected":false},"featured_media":9836,"template":"","meta":[],"product_brand":[],"product_cat":[208,153,209,98,914],"product_tag":[],"class_list":{"0":"post-839","1":"product","2":"type-product","3":"status-publish","4":"has-post-thumbnail","6":"product_cat-dekoratives","7":"product_cat-graphik","8":"product_cat-tierabb-graphik","9":"product_cat-zoologie","10":"product_cat-zvab","12":"first","13":"instock","14":"purchasable","15":"product-type-simple"},"_links":{"self":[{"href":"https:\/\/antiquariat-steinbach.com\/rarebooks\/wp-json\/wp\/v2\/product\/839","targetHints":{"allow":["GET"]}}],"collection":[{"href":"https:\/\/antiquariat-steinbach.com\/rarebooks\/wp-json\/wp\/v2\/product"}],"about":[{"href":"https:\/\/antiquariat-steinbach.com\/rarebooks\/wp-json\/wp\/v2\/types\/product"}],"version-history":[{"count":3,"href":"https:\/\/antiquariat-steinbach.com\/rarebooks\/wp-json\/wp\/v2\/product\/839\/revisions"}],"predecessor-version":[{"id":18603,"href":"https:\/\/antiquariat-steinbach.com\/rarebooks\/wp-json\/wp\/v2\/product\/839\/revisions\/18603"}],"wp:featuredmedia":[{"embeddable":true,"href":"https:\/\/antiquariat-steinbach.com\/rarebooks\/wp-json\/wp\/v2\/media\/9836"}],"wp:attachment":[{"href":"https:\/\/antiquariat-steinbach.com\/rarebooks\/wp-json\/wp\/v2\/media?parent=839"}],"wp:term":[{"taxonomy":"product_brand","embeddable":true,"href":"https:\/\/antiquariat-steinbach.com\/rarebooks\/wp-json\/wp\/v2\/product_brand?post=839"},{"taxonomy":"product_cat","embeddable":true,"href":"https:\/\/antiquariat-steinbach.com\/rarebooks\/wp-json\/wp\/v2\/product_cat?post=839"},{"taxonomy":"product_tag","embeddable":true,"href":"https:\/\/antiquariat-steinbach.com\/rarebooks\/wp-json\/wp\/v2\/product_tag?post=839"}],"curies":[{"name":"wp","href":"https:\/\/api.w.org\/{rel}","templated":true}]}}