{"id":8385,"date":"2026-03-12T00:24:56","date_gmt":"2026-03-11T23:24:56","guid":{"rendered":"http:\/\/antiquariat-steinbach.com\/rarebooks\/produkt\/robinson-und-robinsonaden\/"},"modified":"2026-03-12T00:24:56","modified_gmt":"2026-03-11T23:24:56","slug":"ullrich-hermann-robinson-und-robinsonaden","status":"publish","type":"product","link":"https:\/\/antiquariat-steinbach.com\/rarebooks\/produkt\/ullrich-hermann-robinson-und-robinsonaden\/","title":{"rendered":"Ullrich, Hermann: &#8211;  Robinson und Robinsonaden."},"content":{"rendered":"<p>Weimar, Felber 1898.<\/p>\n<p>22 : 14,5 cm. XIX, 247 Seiten Typographisch bedruckter Original-Umschlag.<\/p>\n<p>150,00 EUR<\/p>\n","protected":false},"excerpt":{"rendered":"<p>Die seltene Originalausgabe der nach wie vor ma\u00dfgeblichen  Bibliographie der Robinson-Literatur. Wei\u00dft ca. 1200 Ausgaben des Originals, \u00dcbersetzungen, Bearbeitungen und Nachahmungen (wirkliche Robinsonaden und Pseudo-Robinsonaden) nach. Mit einem Anhang &#8218;Einige apokryphe Robinsonaden&#8216; und &#8218;Der Robinsonstoff auf der B\u00fchne&#8216;. &#8211; Litteraturhistorische Forschungen. Herausgegeben von Josef Schick und M. Frh. v. Waldberg, VII Heft.<\/p>\n","protected":false},"featured_media":0,"template":"","meta":[],"product_brand":[],"product_cat":[280,32,914],"product_tag":[],"class_list":{"0":"post-8385","1":"product","2":"type-product","3":"status-publish","5":"product_cat-bibliographie","6":"product_cat-literatur","7":"product_cat-zvab","9":"first","10":"instock","11":"purchasable","12":"product-type-simple"},"_links":{"self":[{"href":"https:\/\/antiquariat-steinbach.com\/rarebooks\/wp-json\/wp\/v2\/product\/8385","targetHints":{"allow":["GET"]}}],"collection":[{"href":"https:\/\/antiquariat-steinbach.com\/rarebooks\/wp-json\/wp\/v2\/product"}],"about":[{"href":"https:\/\/antiquariat-steinbach.com\/rarebooks\/wp-json\/wp\/v2\/types\/product"}],"version-history":[{"count":3,"href":"https:\/\/antiquariat-steinbach.com\/rarebooks\/wp-json\/wp\/v2\/product\/8385\/revisions"}],"predecessor-version":[{"id":22089,"href":"https:\/\/antiquariat-steinbach.com\/rarebooks\/wp-json\/wp\/v2\/product\/8385\/revisions\/22089"}],"wp:attachment":[{"href":"https:\/\/antiquariat-steinbach.com\/rarebooks\/wp-json\/wp\/v2\/media?parent=8385"}],"wp:term":[{"taxonomy":"product_brand","embeddable":true,"href":"https:\/\/antiquariat-steinbach.com\/rarebooks\/wp-json\/wp\/v2\/product_brand?post=8385"},{"taxonomy":"product_cat","embeddable":true,"href":"https:\/\/antiquariat-steinbach.com\/rarebooks\/wp-json\/wp\/v2\/product_cat?post=8385"},{"taxonomy":"product_tag","embeddable":true,"href":"https:\/\/antiquariat-steinbach.com\/rarebooks\/wp-json\/wp\/v2\/product_tag?post=8385"}],"curies":[{"name":"wp","href":"https:\/\/api.w.org\/{rel}","templated":true}]}}