{"id":8287,"date":"2026-03-12T00:24:47","date_gmt":"2026-03-11T23:24:47","guid":{"rendered":"http:\/\/antiquariat-steinbach.com\/rarebooks\/produkt\/belehrende-unterhaltungen-aus-der-naturgeschichte\/"},"modified":"2026-03-12T00:24:48","modified_gmt":"2026-03-11T23:24:48","slug":"toros-schmidt-a-m-belehrende-unterhaltungen-aus-der-naturgeschichte","status":"publish","type":"product","link":"https:\/\/antiquariat-steinbach.com\/rarebooks\/produkt\/toros-schmidt-a-m-belehrende-unterhaltungen-aus-der-naturgeschichte\/","title":{"rendered":"Toros &#8211;   Schmidt, A.M: &#8211;  Belehrende Unterhaltungen aus der Naturgeschichte."},"content":{"rendered":"<p>Reutlingen, Kurtz 1839.<\/p>\n<p>17 : 10,5 cm. 2 hojas, 299 p\u00e1ginas, 4 hojas Con frontis grabado y coloreado y 18 l\u00e1minas litografiadas y coloreadas. Carton\u00e9 de \u00e9poca.<\/p>\n<p>280,00 EUR<\/p>\n","protected":false},"excerpt":{"rendered":"<p>El frontis muestra una buena imagen de una corrida. Libro de ense\u00f1anza muy raro. No he podido encontrar ninguna referencia bibliografica. Las otras laminas muestran animales, pesqua, pesqua de iburones, una belea entre un tigre y un hobre etc. &#8211; Alguna manchita, encuadernaci\u00f3n un poco rozada.<\/p>\n","protected":false},"featured_media":18173,"template":"","meta":[],"product_brand":[],"product_cat":[60,874,914],"product_tag":[],"class_list":{"0":"post-8287","1":"product","2":"type-product","3":"status-publish","4":"has-post-thumbnail","6":"product_cat-kinderbuecher","7":"product_cat-stierkampf","8":"product_cat-zvab","10":"first","11":"instock","12":"purchasable","13":"product-type-simple"},"_links":{"self":[{"href":"https:\/\/antiquariat-steinbach.com\/rarebooks\/wp-json\/wp\/v2\/product\/8287","targetHints":{"allow":["GET"]}}],"collection":[{"href":"https:\/\/antiquariat-steinbach.com\/rarebooks\/wp-json\/wp\/v2\/product"}],"about":[{"href":"https:\/\/antiquariat-steinbach.com\/rarebooks\/wp-json\/wp\/v2\/types\/product"}],"version-history":[{"count":3,"href":"https:\/\/antiquariat-steinbach.com\/rarebooks\/wp-json\/wp\/v2\/product\/8287\/revisions"}],"predecessor-version":[{"id":22036,"href":"https:\/\/antiquariat-steinbach.com\/rarebooks\/wp-json\/wp\/v2\/product\/8287\/revisions\/22036"}],"wp:featuredmedia":[{"embeddable":true,"href":"https:\/\/antiquariat-steinbach.com\/rarebooks\/wp-json\/wp\/v2\/media\/18173"}],"wp:attachment":[{"href":"https:\/\/antiquariat-steinbach.com\/rarebooks\/wp-json\/wp\/v2\/media?parent=8287"}],"wp:term":[{"taxonomy":"product_brand","embeddable":true,"href":"https:\/\/antiquariat-steinbach.com\/rarebooks\/wp-json\/wp\/v2\/product_brand?post=8287"},{"taxonomy":"product_cat","embeddable":true,"href":"https:\/\/antiquariat-steinbach.com\/rarebooks\/wp-json\/wp\/v2\/product_cat?post=8287"},{"taxonomy":"product_tag","embeddable":true,"href":"https:\/\/antiquariat-steinbach.com\/rarebooks\/wp-json\/wp\/v2\/product_tag?post=8287"}],"curies":[{"name":"wp","href":"https:\/\/api.w.org\/{rel}","templated":true}]}}