{"id":8285,"date":"2026-03-12T00:24:47","date_gmt":"2026-03-11T23:24:47","guid":{"rendered":"http:\/\/antiquariat-steinbach.com\/rarebooks\/produkt\/la-fiesta-espanola\/"},"modified":"2026-03-12T00:24:48","modified_gmt":"2026-03-11T23:24:48","slug":"toros-la-fiesta-espanola","status":"publish","type":"product","link":"https:\/\/antiquariat-steinbach.com\/rarebooks\/produkt\/toros-la-fiesta-espanola\/","title":{"rendered":"Toros &#8211;   La fiesta Espa\u00f1ola."},"content":{"rendered":"<p>(Sevilla, Fernandez s.a. (ca. 1880).<\/p>\n<p>19,5 : 27 cm. 20 lithografias. Media piel, cubiertas ilustradas originales encuadernados.<\/p>\n<p>150,00 EUR<\/p>\n","protected":false},"excerpt":{"rendered":"<p>Rare colecci\u00f3n taurina. &#8222;Este album consta de veinte laminas en las que se rese\u00f1an la lidia de reses bravas y se vende \u00e1 12 rs. en Sevilla&#8220;. &#8211; 3 lamin\u00e1s con rasgadas.<\/p>\n","protected":false},"featured_media":18171,"template":"","meta":[],"product_brand":[],"product_cat":[148,244,874,914],"product_tag":[],"class_list":{"0":"post-8285","1":"product","2":"type-product","3":"status-publish","4":"has-post-thumbnail","6":"product_cat-spanien","7":"product_cat-sport","8":"product_cat-stierkampf","9":"product_cat-zvab","11":"first","12":"instock","13":"purchasable","14":"product-type-simple"},"_links":{"self":[{"href":"https:\/\/antiquariat-steinbach.com\/rarebooks\/wp-json\/wp\/v2\/product\/8285","targetHints":{"allow":["GET"]}}],"collection":[{"href":"https:\/\/antiquariat-steinbach.com\/rarebooks\/wp-json\/wp\/v2\/product"}],"about":[{"href":"https:\/\/antiquariat-steinbach.com\/rarebooks\/wp-json\/wp\/v2\/types\/product"}],"version-history":[{"count":4,"href":"https:\/\/antiquariat-steinbach.com\/rarebooks\/wp-json\/wp\/v2\/product\/8285\/revisions"}],"predecessor-version":[{"id":22035,"href":"https:\/\/antiquariat-steinbach.com\/rarebooks\/wp-json\/wp\/v2\/product\/8285\/revisions\/22035"}],"wp:featuredmedia":[{"embeddable":true,"href":"https:\/\/antiquariat-steinbach.com\/rarebooks\/wp-json\/wp\/v2\/media\/18171"}],"wp:attachment":[{"href":"https:\/\/antiquariat-steinbach.com\/rarebooks\/wp-json\/wp\/v2\/media?parent=8285"}],"wp:term":[{"taxonomy":"product_brand","embeddable":true,"href":"https:\/\/antiquariat-steinbach.com\/rarebooks\/wp-json\/wp\/v2\/product_brand?post=8285"},{"taxonomy":"product_cat","embeddable":true,"href":"https:\/\/antiquariat-steinbach.com\/rarebooks\/wp-json\/wp\/v2\/product_cat?post=8285"},{"taxonomy":"product_tag","embeddable":true,"href":"https:\/\/antiquariat-steinbach.com\/rarebooks\/wp-json\/wp\/v2\/product_tag?post=8285"}],"curies":[{"name":"wp","href":"https:\/\/api.w.org\/{rel}","templated":true}]}}