{"id":8283,"date":"2026-03-12T00:02:43","date_gmt":"2026-03-11T23:02:43","guid":{"rendered":"http:\/\/antiquariat-steinbach.com\/rarebooks\/produkt\/tauromachia\/"},"modified":"2026-03-12T00:02:45","modified_gmt":"2026-03-11T23:02:45","slug":"bull-fight-goya-francisco-de-tauromachia","status":"publish","type":"product","link":"https:\/\/antiquariat-steinbach.com\/rarebooks\/produkt\/bull-fight-goya-francisco-de-tauromachia\/","title":{"rendered":"Bull Fight &#8211;   Goya, Francisco de: &#8211;  Tauromachia."},"content":{"rendered":"<p>Munich, Schmidt, (1923).<\/p>\n<p>50 : 38 cm. 2 hojas, 15 p\u00e1ginas con 43 l\u00e1minas en colcotipia de Francisco de Goya. Encuadernaci\u00f3n original de pergamino, titulo dorado, corte superior dorado.<\/p>\n<p>700,00 EUR<\/p>\n","protected":false},"excerpt":{"rendered":"<p>Ejemplar numerado de una tirada de 500 de la \u00e9dicion \u00fanica. Excelentes impressiones de la famosa serie de corrida de torros de Goya. En calcotipia los grabados de Goya salen exceptionalmente bien. &#8211; Some pages a bit stained, the plates very clean.<\/p>\n","protected":false},"featured_media":18170,"template":"","meta":[],"product_brand":[],"product_cat":[43,148,244,874,914],"product_tag":[],"class_list":{"0":"post-8283","1":"product","2":"type-product","3":"status-publish","4":"has-post-thumbnail","6":"product_cat-illustrierte-buecher","7":"product_cat-spanien","8":"product_cat-sport","9":"product_cat-stierkampf","10":"product_cat-zvab","12":"first","13":"instock","14":"purchasable","15":"product-type-simple"},"_links":{"self":[{"href":"https:\/\/antiquariat-steinbach.com\/rarebooks\/wp-json\/wp\/v2\/product\/8283","targetHints":{"allow":["GET"]}}],"collection":[{"href":"https:\/\/antiquariat-steinbach.com\/rarebooks\/wp-json\/wp\/v2\/product"}],"about":[{"href":"https:\/\/antiquariat-steinbach.com\/rarebooks\/wp-json\/wp\/v2\/types\/product"}],"version-history":[{"count":6,"href":"https:\/\/antiquariat-steinbach.com\/rarebooks\/wp-json\/wp\/v2\/product\/8283\/revisions"}],"predecessor-version":[{"id":28712,"href":"https:\/\/antiquariat-steinbach.com\/rarebooks\/wp-json\/wp\/v2\/product\/8283\/revisions\/28712"}],"wp:featuredmedia":[{"embeddable":true,"href":"https:\/\/antiquariat-steinbach.com\/rarebooks\/wp-json\/wp\/v2\/media\/18170"}],"wp:attachment":[{"href":"https:\/\/antiquariat-steinbach.com\/rarebooks\/wp-json\/wp\/v2\/media?parent=8283"}],"wp:term":[{"taxonomy":"product_brand","embeddable":true,"href":"https:\/\/antiquariat-steinbach.com\/rarebooks\/wp-json\/wp\/v2\/product_brand?post=8283"},{"taxonomy":"product_cat","embeddable":true,"href":"https:\/\/antiquariat-steinbach.com\/rarebooks\/wp-json\/wp\/v2\/product_cat?post=8283"},{"taxonomy":"product_tag","embeddable":true,"href":"https:\/\/antiquariat-steinbach.com\/rarebooks\/wp-json\/wp\/v2\/product_tag?post=8283"}],"curies":[{"name":"wp","href":"https:\/\/api.w.org\/{rel}","templated":true}]}}