{"id":8255,"date":"2026-03-12T00:24:43","date_gmt":"2026-03-11T23:24:43","guid":{"rendered":"http:\/\/antiquariat-steinbach.com\/rarebooks\/produkt\/industria-veneta-minuterie-metalliche\/"},"modified":"2026-03-12T00:24:45","modified_gmt":"2026-03-11T23:24:45","slug":"toba-industria-veneta-minuterie-metalliche","status":"publish","type":"product","link":"https:\/\/antiquariat-steinbach.com\/rarebooks\/produkt\/toba-industria-veneta-minuterie-metalliche\/","title":{"rendered":"Toba: &#8211;  Industria veneta minuterie metalliche."},"content":{"rendered":"<p>Padova, o.J. (ca. 1950).<\/p>\n<p>33 : 30 cm. 280 G\u00fcrtelschnallen montiert auf 15 Tafeln in Klarsichth\u00fcllen. Original-Leinenordner.<\/p>\n<p>800,00 EUR<\/p>\n","protected":false},"excerpt":{"rendered":"<p>Einmalige Zusammenstellung von \u00fcberwiegend Damen-G\u00fcrtelschnallen der 50-iger Jahre, in allen nur erdenklichen Formen und Farben, meist aus Metall, teils aber auch aus Leder u.\u00e4. Kulturhistorisch hochinteressanter \u00dcberblick \u00fcber die G\u00fcrtelmode der Zeit. In dieser Form wohl sehr selten.<\/p>\n","protected":false},"featured_media":18162,"template":"","meta":[],"product_brand":[],"product_cat":[873,121,111,914],"product_tag":[],"class_list":{"0":"post-8255","1":"product","2":"type-product","3":"status-publish","4":"has-post-thumbnail","6":"product_cat-ausserordentliche-sammlung-von-guertelschnallen","7":"product_cat-mode","8":"product_cat-varia","9":"product_cat-zvab","11":"first","12":"instock","13":"purchasable","14":"product-type-simple"},"_links":{"self":[{"href":"https:\/\/antiquariat-steinbach.com\/rarebooks\/wp-json\/wp\/v2\/product\/8255","targetHints":{"allow":["GET"]}}],"collection":[{"href":"https:\/\/antiquariat-steinbach.com\/rarebooks\/wp-json\/wp\/v2\/product"}],"about":[{"href":"https:\/\/antiquariat-steinbach.com\/rarebooks\/wp-json\/wp\/v2\/types\/product"}],"version-history":[{"count":3,"href":"https:\/\/antiquariat-steinbach.com\/rarebooks\/wp-json\/wp\/v2\/product\/8255\/revisions"}],"predecessor-version":[{"id":22023,"href":"https:\/\/antiquariat-steinbach.com\/rarebooks\/wp-json\/wp\/v2\/product\/8255\/revisions\/22023"}],"wp:featuredmedia":[{"embeddable":true,"href":"https:\/\/antiquariat-steinbach.com\/rarebooks\/wp-json\/wp\/v2\/media\/18162"}],"wp:attachment":[{"href":"https:\/\/antiquariat-steinbach.com\/rarebooks\/wp-json\/wp\/v2\/media?parent=8255"}],"wp:term":[{"taxonomy":"product_brand","embeddable":true,"href":"https:\/\/antiquariat-steinbach.com\/rarebooks\/wp-json\/wp\/v2\/product_brand?post=8255"},{"taxonomy":"product_cat","embeddable":true,"href":"https:\/\/antiquariat-steinbach.com\/rarebooks\/wp-json\/wp\/v2\/product_cat?post=8255"},{"taxonomy":"product_tag","embeddable":true,"href":"https:\/\/antiquariat-steinbach.com\/rarebooks\/wp-json\/wp\/v2\/product_tag?post=8255"}],"curies":[{"name":"wp","href":"https:\/\/api.w.org\/{rel}","templated":true}]}}