{"id":8253,"date":"2026-03-12T00:24:43","date_gmt":"2026-03-11T23:24:43","guid":{"rendered":"http:\/\/antiquariat-steinbach.com\/rarebooks\/produkt\/allerlei-pikante-speisen\/"},"modified":"2026-03-12T00:24:45","modified_gmt":"2026-03-11T23:24:45","slug":"titus-johanna-allerlei-pikante-speisen","status":"publish","type":"product","link":"https:\/\/antiquariat-steinbach.com\/rarebooks\/produkt\/titus-johanna-allerlei-pikante-speisen\/","title":{"rendered":"Titus, Johanna. &#8211;  Allerlei pikante Speisen."},"content":{"rendered":"<p>Leipzig, Twietmeyer, 1905.<\/p>\n<p>2. vermehrte Auflage. 18 : 13 cm. IV, 137 Seiten. Original Leinenband.<\/p>\n<p>70,00 EUR<\/p>\n","protected":false},"excerpt":{"rendered":"<p>Mit 300 Rezepten, im Anhang K\u00fcchenzettel f\u00fcr Fr\u00fchst\u00fcck, Abendgesellschaften und Abendbrot f\u00fcr den t\u00e4glichen Tisch, das Decken des Tisches und allgemeine Hinweise wie &#8218;Beafsteaks oder Koteletts aufzubewahren&#8216;, &#8218;Versalzene Speisen wieder genie\u00dfbar zu machen&#8216; etc. &#8211; Weiss 3847.<\/p>\n","protected":false},"featured_media":25050,"template":"","meta":[],"product_brand":[],"product_cat":[58,112,914],"product_tag":[],"class_list":{"0":"post-8253","1":"product","2":"type-product","3":"status-publish","4":"has-post-thumbnail","6":"product_cat-gastronomie","7":"product_cat-kochbuecher","8":"product_cat-zvab","10":"first","11":"instock","12":"purchasable","13":"product-type-simple"},"_links":{"self":[{"href":"https:\/\/antiquariat-steinbach.com\/rarebooks\/wp-json\/wp\/v2\/product\/8253","targetHints":{"allow":["GET"]}}],"collection":[{"href":"https:\/\/antiquariat-steinbach.com\/rarebooks\/wp-json\/wp\/v2\/product"}],"about":[{"href":"https:\/\/antiquariat-steinbach.com\/rarebooks\/wp-json\/wp\/v2\/types\/product"}],"version-history":[{"count":4,"href":"https:\/\/antiquariat-steinbach.com\/rarebooks\/wp-json\/wp\/v2\/product\/8253\/revisions"}],"predecessor-version":[{"id":25049,"href":"https:\/\/antiquariat-steinbach.com\/rarebooks\/wp-json\/wp\/v2\/product\/8253\/revisions\/25049"}],"wp:featuredmedia":[{"embeddable":true,"href":"https:\/\/antiquariat-steinbach.com\/rarebooks\/wp-json\/wp\/v2\/media\/25050"}],"wp:attachment":[{"href":"https:\/\/antiquariat-steinbach.com\/rarebooks\/wp-json\/wp\/v2\/media?parent=8253"}],"wp:term":[{"taxonomy":"product_brand","embeddable":true,"href":"https:\/\/antiquariat-steinbach.com\/rarebooks\/wp-json\/wp\/v2\/product_brand?post=8253"},{"taxonomy":"product_cat","embeddable":true,"href":"https:\/\/antiquariat-steinbach.com\/rarebooks\/wp-json\/wp\/v2\/product_cat?post=8253"},{"taxonomy":"product_tag","embeddable":true,"href":"https:\/\/antiquariat-steinbach.com\/rarebooks\/wp-json\/wp\/v2\/product_tag?post=8253"}],"curies":[{"name":"wp","href":"https:\/\/api.w.org\/{rel}","templated":true}]}}