{"id":8227,"date":"2026-03-12T00:24:41","date_gmt":"2026-03-11T23:24:41","guid":{"rendered":"http:\/\/antiquariat-steinbach.com\/rarebooks\/produkt\/saemmtliche-werke-3\/"},"modified":"2026-03-12T00:24:42","modified_gmt":"2026-03-11T23:24:42","slug":"thuemmel-a-m-von-saemmtliche-werke","status":"publish","type":"product","link":"https:\/\/antiquariat-steinbach.com\/rarebooks\/produkt\/thuemmel-a-m-von-saemmtliche-werke\/","title":{"rendered":"Th\u00fcmmel, A.M. von: &#8211;  S\u00e4mmtliche Werke."},"content":{"rendered":"<p>Leipzig, G\u00f6schen 1839.<\/p>\n<p>Stereotyp-Ausgabe. 8 Teile in 3 B\u00e4nden. 15 : 11 cm. Mit gestochenem Portr\u00e4t. Leinenb\u00e4nde der Zeit mit schlichter R\u00fcckenvergoldung.<\/p>\n<p>40,00 EUR<\/p>\n","protected":false},"excerpt":{"rendered":"<p>Goed. IV\/1, 583, 6.<\/p>\n","protected":false},"featured_media":18155,"template":"","meta":[],"product_brand":[],"product_cat":[301,32,103,914],"product_tag":[],"class_list":{"0":"post-8227","1":"product","2":"type-product","3":"status-publish","4":"has-post-thumbnail","6":"product_cat-gesamtausgaben","7":"product_cat-literatur","8":"product_cat-michael","9":"product_cat-zvab","11":"first","12":"instock","13":"purchasable","14":"product-type-simple"},"_links":{"self":[{"href":"https:\/\/antiquariat-steinbach.com\/rarebooks\/wp-json\/wp\/v2\/product\/8227","targetHints":{"allow":["GET"]}}],"collection":[{"href":"https:\/\/antiquariat-steinbach.com\/rarebooks\/wp-json\/wp\/v2\/product"}],"about":[{"href":"https:\/\/antiquariat-steinbach.com\/rarebooks\/wp-json\/wp\/v2\/types\/product"}],"version-history":[{"count":3,"href":"https:\/\/antiquariat-steinbach.com\/rarebooks\/wp-json\/wp\/v2\/product\/8227\/revisions"}],"predecessor-version":[{"id":22010,"href":"https:\/\/antiquariat-steinbach.com\/rarebooks\/wp-json\/wp\/v2\/product\/8227\/revisions\/22010"}],"wp:featuredmedia":[{"embeddable":true,"href":"https:\/\/antiquariat-steinbach.com\/rarebooks\/wp-json\/wp\/v2\/media\/18155"}],"wp:attachment":[{"href":"https:\/\/antiquariat-steinbach.com\/rarebooks\/wp-json\/wp\/v2\/media?parent=8227"}],"wp:term":[{"taxonomy":"product_brand","embeddable":true,"href":"https:\/\/antiquariat-steinbach.com\/rarebooks\/wp-json\/wp\/v2\/product_brand?post=8227"},{"taxonomy":"product_cat","embeddable":true,"href":"https:\/\/antiquariat-steinbach.com\/rarebooks\/wp-json\/wp\/v2\/product_cat?post=8227"},{"taxonomy":"product_tag","embeddable":true,"href":"https:\/\/antiquariat-steinbach.com\/rarebooks\/wp-json\/wp\/v2\/product_tag?post=8227"}],"curies":[{"name":"wp","href":"https:\/\/api.w.org\/{rel}","templated":true}]}}