{"id":8215,"date":"2026-03-12T00:24:39","date_gmt":"2026-03-11T23:24:39","guid":{"rendered":"http:\/\/antiquariat-steinbach.com\/rarebooks\/produkt\/thomas-von-kempen-oder-die-vier-buecher-von-der-nachfolge-christi\/"},"modified":"2026-03-12T00:24:41","modified_gmt":"2026-03-11T23:24:41","slug":"thomas-von-kempen-thomas-von-kempen-oder-die-vier-buecher-von-der-nachfolge-christi","status":"publish","type":"product","link":"https:\/\/antiquariat-steinbach.com\/rarebooks\/produkt\/thomas-von-kempen-thomas-von-kempen-oder-die-vier-buecher-von-der-nachfolge-christi\/","title":{"rendered":"Thomas von Kempen. &#8211;  Thomas von Kempen oder die vier B\u00fccher von der Nachfolge Christi."},"content":{"rendered":"<p>St. P\u00f6lten, Passy, 1839.<\/p>\n<p>20,5 : 12 cm. Lederband der Zeit mit reicher Blindpr\u00e4gung und Resten von Gold auf Deckeln und R\u00fccken, Mettalschlie\u00dfe, dreiseitiger Goldschnitt.<\/p>\n<p>90,00 EUR<\/p>\n","protected":false},"excerpt":{"rendered":"<p>Jede Seite von reicher Holzschnitt-Bord\u00fcre umgeben, einige Initialen. &#8211; Buchblock etwas gelockert, etwas gebr\u00e4unt bzw. fleckig, der dekorative Einband an den Kanten etwas berieben.<\/p>\n","protected":false},"featured_media":18150,"template":"","meta":[],"product_brand":[],"product_cat":[71,95,110,914],"product_tag":[],"class_list":{"0":"post-8215","1":"product","2":"type-product","3":"status-publish","4":"has-post-thumbnail","6":"product_cat-austriaca","7":"product_cat-einbaende","8":"product_cat-theologie","9":"product_cat-zvab","11":"first","12":"instock","13":"purchasable","14":"product-type-simple"},"_links":{"self":[{"href":"https:\/\/antiquariat-steinbach.com\/rarebooks\/wp-json\/wp\/v2\/product\/8215","targetHints":{"allow":["GET"]}}],"collection":[{"href":"https:\/\/antiquariat-steinbach.com\/rarebooks\/wp-json\/wp\/v2\/product"}],"about":[{"href":"https:\/\/antiquariat-steinbach.com\/rarebooks\/wp-json\/wp\/v2\/types\/product"}],"version-history":[{"count":3,"href":"https:\/\/antiquariat-steinbach.com\/rarebooks\/wp-json\/wp\/v2\/product\/8215\/revisions"}],"predecessor-version":[{"id":22003,"href":"https:\/\/antiquariat-steinbach.com\/rarebooks\/wp-json\/wp\/v2\/product\/8215\/revisions\/22003"}],"wp:featuredmedia":[{"embeddable":true,"href":"https:\/\/antiquariat-steinbach.com\/rarebooks\/wp-json\/wp\/v2\/media\/18150"}],"wp:attachment":[{"href":"https:\/\/antiquariat-steinbach.com\/rarebooks\/wp-json\/wp\/v2\/media?parent=8215"}],"wp:term":[{"taxonomy":"product_brand","embeddable":true,"href":"https:\/\/antiquariat-steinbach.com\/rarebooks\/wp-json\/wp\/v2\/product_brand?post=8215"},{"taxonomy":"product_cat","embeddable":true,"href":"https:\/\/antiquariat-steinbach.com\/rarebooks\/wp-json\/wp\/v2\/product_cat?post=8215"},{"taxonomy":"product_tag","embeddable":true,"href":"https:\/\/antiquariat-steinbach.com\/rarebooks\/wp-json\/wp\/v2\/product_tag?post=8215"}],"curies":[{"name":"wp","href":"https:\/\/api.w.org\/{rel}","templated":true}]}}