{"id":8175,"date":"2026-03-12T00:24:33","date_gmt":"2026-03-11T23:24:33","guid":{"rendered":"http:\/\/antiquariat-steinbach.com\/rarebooks\/produkt\/das-theater-des-volkes-aesthetische-abhandlung-ueber-die-neugestaltung-des-theaters\/"},"modified":"2026-03-12T00:24:33","modified_gmt":"2026-03-11T23:24:33","slug":"theater-rolland-romain-das-theater-des-volkes-aesthetische-abhandlung-ueber-die-neugestaltung-des-theaters","status":"publish","type":"product","link":"https:\/\/antiquariat-steinbach.com\/rarebooks\/produkt\/theater-rolland-romain-das-theater-des-volkes-aesthetische-abhandlung-ueber-die-neugestaltung-des-theaters\/","title":{"rendered":"Theater &#8211;   Rolland, Romain. &#8211;  Das Theater des Volkes. \u00c4sthetische Abhandlung \u00fcber die Neugestaltung des Theaters."},"content":{"rendered":"<p>Z\u00fcrich und Leipzig, Rotapfel-Verlag, 1926.<\/p>\n<p>20 : 14 cm. 171 Seiten. Original-Halbleinenband.<\/p>\n<p>25,00 EUR<\/p>\n","protected":false},"excerpt":{"rendered":"<p>Aus dem Franz\u00f6sischen \u00fcbersetzt von Tony Noah. &#8211; Schnitt und letzte Seiten etwas fleckig.<\/p>\n","protected":false},"featured_media":0,"template":"","meta":[],"product_brand":[],"product_cat":[29,145,914],"product_tag":[],"class_list":{"0":"post-8175","1":"product","2":"type-product","3":"status-publish","5":"product_cat-20-jahrhundert","6":"product_cat-theater","7":"product_cat-zvab","9":"first","10":"instock","11":"purchasable","12":"product-type-simple"},"_links":{"self":[{"href":"https:\/\/antiquariat-steinbach.com\/rarebooks\/wp-json\/wp\/v2\/product\/8175","targetHints":{"allow":["GET"]}}],"collection":[{"href":"https:\/\/antiquariat-steinbach.com\/rarebooks\/wp-json\/wp\/v2\/product"}],"about":[{"href":"https:\/\/antiquariat-steinbach.com\/rarebooks\/wp-json\/wp\/v2\/types\/product"}],"version-history":[{"count":3,"href":"https:\/\/antiquariat-steinbach.com\/rarebooks\/wp-json\/wp\/v2\/product\/8175\/revisions"}],"predecessor-version":[{"id":21976,"href":"https:\/\/antiquariat-steinbach.com\/rarebooks\/wp-json\/wp\/v2\/product\/8175\/revisions\/21976"}],"wp:attachment":[{"href":"https:\/\/antiquariat-steinbach.com\/rarebooks\/wp-json\/wp\/v2\/media?parent=8175"}],"wp:term":[{"taxonomy":"product_brand","embeddable":true,"href":"https:\/\/antiquariat-steinbach.com\/rarebooks\/wp-json\/wp\/v2\/product_brand?post=8175"},{"taxonomy":"product_cat","embeddable":true,"href":"https:\/\/antiquariat-steinbach.com\/rarebooks\/wp-json\/wp\/v2\/product_cat?post=8175"},{"taxonomy":"product_tag","embeddable":true,"href":"https:\/\/antiquariat-steinbach.com\/rarebooks\/wp-json\/wp\/v2\/product_tag?post=8175"}],"curies":[{"name":"wp","href":"https:\/\/api.w.org\/{rel}","templated":true}]}}