{"id":8173,"date":"2026-03-12T00:24:30","date_gmt":"2026-03-11T23:24:30","guid":{"rendered":"http:\/\/antiquariat-steinbach.com\/rarebooks\/produkt\/freie-volksbuehne-deutsches-volkstheater\/"},"modified":"2026-03-12T00:24:32","modified_gmt":"2026-03-11T23:24:32","slug":"theater-freie-volksbuehne-deutsches-volkstheater","status":"publish","type":"product","link":"https:\/\/antiquariat-steinbach.com\/rarebooks\/produkt\/theater-freie-volksbuehne-deutsches-volkstheater\/","title":{"rendered":"Theater &#8211;   Freie Volksb\u00fchne. Deutsches Volkstheater."},"content":{"rendered":"<p>Wien, 1910 &#8211; 1913.<\/p>\n<p>7 Hefte der Reihe. 20,5 : 14 cm. Illustrierte Original-Umschl\u00e4ge.<\/p>\n<p>25,00 EUR<\/p>\n","protected":false},"excerpt":{"rendered":"<p>Vorhanden sind: Grillparzer, Medea &#8211; Anzengruber, Heimg&#8217;funden &#8211; Grillparzer, Weh&#8216; dem, der l\u00fcgt! &#8211; Strindberg, Ostern &#8211; Brody, Die Lehrerin &#8211; Strindberg, Fr\u00e4ulein Julie (besch\u00e4digt).<\/p>\n","protected":false},"featured_media":0,"template":"","meta":[],"product_brand":[],"product_cat":[29,32,145,90,914],"product_tag":[],"class_list":{"0":"post-8173","1":"product","2":"type-product","3":"status-publish","5":"product_cat-20-jahrhundert","6":"product_cat-literatur","7":"product_cat-theater","8":"product_cat-viennensia","9":"product_cat-zvab","11":"first","12":"instock","13":"purchasable","14":"product-type-simple"},"_links":{"self":[{"href":"https:\/\/antiquariat-steinbach.com\/rarebooks\/wp-json\/wp\/v2\/product\/8173","targetHints":{"allow":["GET"]}}],"collection":[{"href":"https:\/\/antiquariat-steinbach.com\/rarebooks\/wp-json\/wp\/v2\/product"}],"about":[{"href":"https:\/\/antiquariat-steinbach.com\/rarebooks\/wp-json\/wp\/v2\/types\/product"}],"version-history":[{"count":3,"href":"https:\/\/antiquariat-steinbach.com\/rarebooks\/wp-json\/wp\/v2\/product\/8173\/revisions"}],"predecessor-version":[{"id":21974,"href":"https:\/\/antiquariat-steinbach.com\/rarebooks\/wp-json\/wp\/v2\/product\/8173\/revisions\/21974"}],"wp:attachment":[{"href":"https:\/\/antiquariat-steinbach.com\/rarebooks\/wp-json\/wp\/v2\/media?parent=8173"}],"wp:term":[{"taxonomy":"product_brand","embeddable":true,"href":"https:\/\/antiquariat-steinbach.com\/rarebooks\/wp-json\/wp\/v2\/product_brand?post=8173"},{"taxonomy":"product_cat","embeddable":true,"href":"https:\/\/antiquariat-steinbach.com\/rarebooks\/wp-json\/wp\/v2\/product_cat?post=8173"},{"taxonomy":"product_tag","embeddable":true,"href":"https:\/\/antiquariat-steinbach.com\/rarebooks\/wp-json\/wp\/v2\/product_tag?post=8173"}],"curies":[{"name":"wp","href":"https:\/\/api.w.org\/{rel}","templated":true}]}}