{"id":8125,"date":"2026-03-12T00:24:26","date_gmt":"2026-03-11T23:24:26","guid":{"rendered":"http:\/\/antiquariat-steinbach.com\/rarebooks\/produkt\/abgepasste-axminster-pluesch-teppiche-qualitaet-kassan\/"},"modified":"2026-03-12T00:24:26","modified_gmt":"2026-03-11T23:24:26","slug":"teppiche-kassan-abgepasste-axminster-pluesch-teppiche-qualitaet-kassan","status":"publish","type":"product","link":"https:\/\/antiquariat-steinbach.com\/rarebooks\/produkt\/teppiche-kassan-abgepasste-axminster-pluesch-teppiche-qualitaet-kassan\/","title":{"rendered":"Teppiche &#8211;   Kassan: &#8211;  Abgepa\u00dfte Axminster-Pl\u00fcsch-Teppiche Qualit\u00e4t &#8222;Kassan&#8220;."},"content":{"rendered":"<p>O.O, u.Dr 1912.<\/p>\n<p>17 : 12 cm. 25 farbige Tafeln. Original-Pappband in Leporello-Form.<\/p>\n<p>25,00 EUR<\/p>\n","protected":false},"excerpt":{"rendered":"<p>O.O, u.Dr 1912. 17 : 12 cm. 25 farbige Tafeln. Original-Pappband in Leporello-Form. 25,00 EUR<\/p>\n","protected":false},"featured_media":0,"template":"","meta":[],"product_brand":[],"product_cat":[51,914],"product_tag":[],"class_list":{"0":"post-8125","1":"product","2":"type-product","3":"status-publish","5":"product_cat-textil","6":"product_cat-zvab","8":"first","9":"instock","10":"purchasable","11":"product-type-simple"},"_links":{"self":[{"href":"https:\/\/antiquariat-steinbach.com\/rarebooks\/wp-json\/wp\/v2\/product\/8125","targetHints":{"allow":["GET"]}}],"collection":[{"href":"https:\/\/antiquariat-steinbach.com\/rarebooks\/wp-json\/wp\/v2\/product"}],"about":[{"href":"https:\/\/antiquariat-steinbach.com\/rarebooks\/wp-json\/wp\/v2\/types\/product"}],"version-history":[{"count":3,"href":"https:\/\/antiquariat-steinbach.com\/rarebooks\/wp-json\/wp\/v2\/product\/8125\/revisions"}],"predecessor-version":[{"id":21961,"href":"https:\/\/antiquariat-steinbach.com\/rarebooks\/wp-json\/wp\/v2\/product\/8125\/revisions\/21961"}],"wp:attachment":[{"href":"https:\/\/antiquariat-steinbach.com\/rarebooks\/wp-json\/wp\/v2\/media?parent=8125"}],"wp:term":[{"taxonomy":"product_brand","embeddable":true,"href":"https:\/\/antiquariat-steinbach.com\/rarebooks\/wp-json\/wp\/v2\/product_brand?post=8125"},{"taxonomy":"product_cat","embeddable":true,"href":"https:\/\/antiquariat-steinbach.com\/rarebooks\/wp-json\/wp\/v2\/product_cat?post=8125"},{"taxonomy":"product_tag","embeddable":true,"href":"https:\/\/antiquariat-steinbach.com\/rarebooks\/wp-json\/wp\/v2\/product_tag?post=8125"}],"curies":[{"name":"wp","href":"https:\/\/api.w.org\/{rel}","templated":true}]}}