{"id":8117,"date":"2026-03-12T00:24:24","date_gmt":"2026-03-11T23:24:24","guid":{"rendered":"http:\/\/antiquariat-steinbach.com\/rarebooks\/produkt\/tennis\/"},"modified":"2026-03-12T00:24:26","modified_gmt":"2026-03-11T23:24:26","slug":"tennis-reznicek-burghard-von-tennis","status":"publish","type":"product","link":"https:\/\/antiquariat-steinbach.com\/rarebooks\/produkt\/tennis-reznicek-burghard-von-tennis\/","title":{"rendered":"Tennis &#8211;   Reznicek, Burghard von: &#8211;  Tennis."},"content":{"rendered":"<p>Marburg, Gr\u00fcneberg (1932).<\/p>\n<p>28,5 : 21,5 cm. 367 Seiten mit sehr vielen Tafeln und Abbildungen. Illustrierter Original-Leinenband.<\/p>\n<p>330,00 EUR<\/p>\n","protected":false},"excerpt":{"rendered":"<p>Seltenes und sehr ausf\u00fchrliches Standardwerk \u00fcber das Tennisspiel. &#8211; Sch\u00f6nes Exemplar.<\/p>\n","protected":false},"featured_media":0,"template":"","meta":[],"product_brand":[],"product_cat":[244,861,914],"product_tag":[],"class_list":{"0":"post-8117","1":"product","2":"type-product","3":"status-publish","5":"product_cat-sport","6":"product_cat-tennis","7":"product_cat-zvab","9":"first","10":"instock","11":"purchasable","12":"product-type-simple"},"_links":{"self":[{"href":"https:\/\/antiquariat-steinbach.com\/rarebooks\/wp-json\/wp\/v2\/product\/8117","targetHints":{"allow":["GET"]}}],"collection":[{"href":"https:\/\/antiquariat-steinbach.com\/rarebooks\/wp-json\/wp\/v2\/product"}],"about":[{"href":"https:\/\/antiquariat-steinbach.com\/rarebooks\/wp-json\/wp\/v2\/types\/product"}],"version-history":[{"count":3,"href":"https:\/\/antiquariat-steinbach.com\/rarebooks\/wp-json\/wp\/v2\/product\/8117\/revisions"}],"predecessor-version":[{"id":21958,"href":"https:\/\/antiquariat-steinbach.com\/rarebooks\/wp-json\/wp\/v2\/product\/8117\/revisions\/21958"}],"wp:attachment":[{"href":"https:\/\/antiquariat-steinbach.com\/rarebooks\/wp-json\/wp\/v2\/media?parent=8117"}],"wp:term":[{"taxonomy":"product_brand","embeddable":true,"href":"https:\/\/antiquariat-steinbach.com\/rarebooks\/wp-json\/wp\/v2\/product_brand?post=8117"},{"taxonomy":"product_cat","embeddable":true,"href":"https:\/\/antiquariat-steinbach.com\/rarebooks\/wp-json\/wp\/v2\/product_cat?post=8117"},{"taxonomy":"product_tag","embeddable":true,"href":"https:\/\/antiquariat-steinbach.com\/rarebooks\/wp-json\/wp\/v2\/product_tag?post=8117"}],"curies":[{"name":"wp","href":"https:\/\/api.w.org\/{rel}","templated":true}]}}