{"id":8093,"date":"2026-03-12T00:24:24","date_gmt":"2026-03-11T23:24:24","guid":{"rendered":"http:\/\/antiquariat-steinbach.com\/rarebooks\/produkt\/fuer-das-jahr-1800\/"},"modified":"2026-03-12T00:24:25","modified_gmt":"2026-03-11T23:24:25","slug":"taschenkalender-goettinger-fuer-das-jahr-1800","status":"publish","type":"product","link":"https:\/\/antiquariat-steinbach.com\/rarebooks\/produkt\/taschenkalender-goettinger-fuer-das-jahr-1800\/","title":{"rendered":"Taschenkalender, G\u00f6ttinger: &#8211;  f\u00fcr das Jahr 1800."},"content":{"rendered":"<p>G\u00f6ttingen, Dieterich 1800.<\/p>\n<p>10,3 : 6 cm. 28 Blatt, 239 Seiten, 3 Blatt Mit gestochenem Titel mit Vignette, 6 (2 kolorierten) Modekupfern und 12 Monatskupfern. Illustrierter Original-Pappband, dreiseitiger Goldschnitt.<\/p>\n<p>150,00 EUR<\/p>\n","protected":false},"excerpt":{"rendered":"<p>Der G\u00f6ttinger Taschenkalender, sp\u00e4ter als G\u00f6ttinger Taschenbuch fortgesetzt, ist durch die hervorragenden Illustrationen von Chodowiecki und Piepenhausen sowie durch die geistreichen Texte &#8230;&#8217;der beste unter seinen Br\u00fcdern&#8216; (Lanckoronska-R\u00fcmann 15). &#8211; Ein Gelenk gebrochen, Einbadn berieben.<\/p>\n","protected":false},"featured_media":0,"template":"","meta":[],"product_brand":[],"product_cat":[114,32,103,914],"product_tag":[],"class_list":{"0":"post-8093","1":"product","2":"type-product","3":"status-publish","5":"product_cat-almanache","6":"product_cat-literatur","7":"product_cat-michael","8":"product_cat-zvab","10":"first","11":"instock","12":"purchasable","13":"product-type-simple"},"_links":{"self":[{"href":"https:\/\/antiquariat-steinbach.com\/rarebooks\/wp-json\/wp\/v2\/product\/8093","targetHints":{"allow":["GET"]}}],"collection":[{"href":"https:\/\/antiquariat-steinbach.com\/rarebooks\/wp-json\/wp\/v2\/product"}],"about":[{"href":"https:\/\/antiquariat-steinbach.com\/rarebooks\/wp-json\/wp\/v2\/types\/product"}],"version-history":[{"count":3,"href":"https:\/\/antiquariat-steinbach.com\/rarebooks\/wp-json\/wp\/v2\/product\/8093\/revisions"}],"predecessor-version":[{"id":21947,"href":"https:\/\/antiquariat-steinbach.com\/rarebooks\/wp-json\/wp\/v2\/product\/8093\/revisions\/21947"}],"wp:attachment":[{"href":"https:\/\/antiquariat-steinbach.com\/rarebooks\/wp-json\/wp\/v2\/media?parent=8093"}],"wp:term":[{"taxonomy":"product_brand","embeddable":true,"href":"https:\/\/antiquariat-steinbach.com\/rarebooks\/wp-json\/wp\/v2\/product_brand?post=8093"},{"taxonomy":"product_cat","embeddable":true,"href":"https:\/\/antiquariat-steinbach.com\/rarebooks\/wp-json\/wp\/v2\/product_cat?post=8093"},{"taxonomy":"product_tag","embeddable":true,"href":"https:\/\/antiquariat-steinbach.com\/rarebooks\/wp-json\/wp\/v2\/product_tag?post=8093"}],"curies":[{"name":"wp","href":"https:\/\/api.w.org\/{rel}","templated":true}]}}