{"id":8073,"date":"2026-03-12T00:24:22","date_gmt":"2026-03-11T23:24:22","guid":{"rendered":"http:\/\/antiquariat-steinbach.com\/rarebooks\/produkt\/le-cigare\/"},"modified":"2026-03-12T00:24:23","modified_gmt":"2026-03-11T23:24:23","slug":"tabak-marsan-eugene-le-cigare","status":"publish","type":"product","link":"https:\/\/antiquariat-steinbach.com\/rarebooks\/produkt\/tabak-marsan-eugene-le-cigare\/","title":{"rendered":"Tabak &#8211;   Marsan, Eug\u00e8ne: &#8211;  Le Cigare."},"content":{"rendered":"<p>Paris, La nouvelle Soci\u00e9t\u00e9 d&#8217;\u00c9dition (1929).<\/p>\n<p>20 : 15,5 cm. 138 pages, 1 leaf With coloured frontispice by Pierre Falk\u00e9. Illustrated oiginal-wrappers.<\/p>\n<p>30,00 EUR<\/p>\n","protected":false},"excerpt":{"rendered":"<p>One of 150 numbered copies on verg\u00e9 de Rives B.F.K. &#8211; &#8222;L&#8217;Homme a la page&#8220; Band 5.<\/p>\n","protected":false},"featured_media":18130,"template":"","meta":[],"product_brand":[],"product_cat":[58,43,404,914],"product_tag":[],"class_list":{"0":"post-8073","1":"product","2":"type-product","3":"status-publish","4":"has-post-thumbnail","6":"product_cat-gastronomie","7":"product_cat-illustrierte-buecher","8":"product_cat-tabak","9":"product_cat-zvab","11":"first","12":"instock","13":"purchasable","14":"product-type-simple"},"_links":{"self":[{"href":"https:\/\/antiquariat-steinbach.com\/rarebooks\/wp-json\/wp\/v2\/product\/8073","targetHints":{"allow":["GET"]}}],"collection":[{"href":"https:\/\/antiquariat-steinbach.com\/rarebooks\/wp-json\/wp\/v2\/product"}],"about":[{"href":"https:\/\/antiquariat-steinbach.com\/rarebooks\/wp-json\/wp\/v2\/types\/product"}],"version-history":[{"count":4,"href":"https:\/\/antiquariat-steinbach.com\/rarebooks\/wp-json\/wp\/v2\/product\/8073\/revisions"}],"predecessor-version":[{"id":21940,"href":"https:\/\/antiquariat-steinbach.com\/rarebooks\/wp-json\/wp\/v2\/product\/8073\/revisions\/21940"}],"wp:featuredmedia":[{"embeddable":true,"href":"https:\/\/antiquariat-steinbach.com\/rarebooks\/wp-json\/wp\/v2\/media\/18130"}],"wp:attachment":[{"href":"https:\/\/antiquariat-steinbach.com\/rarebooks\/wp-json\/wp\/v2\/media?parent=8073"}],"wp:term":[{"taxonomy":"product_brand","embeddable":true,"href":"https:\/\/antiquariat-steinbach.com\/rarebooks\/wp-json\/wp\/v2\/product_brand?post=8073"},{"taxonomy":"product_cat","embeddable":true,"href":"https:\/\/antiquariat-steinbach.com\/rarebooks\/wp-json\/wp\/v2\/product_cat?post=8073"},{"taxonomy":"product_tag","embeddable":true,"href":"https:\/\/antiquariat-steinbach.com\/rarebooks\/wp-json\/wp\/v2\/product_tag?post=8073"}],"curies":[{"name":"wp","href":"https:\/\/api.w.org\/{rel}","templated":true}]}}