{"id":8071,"date":"2026-03-12T00:08:04","date_gmt":"2026-03-11T23:08:04","guid":{"rendered":"http:\/\/antiquariat-steinbach.com\/rarebooks\/produkt\/der-taback-in-historische-finanzieller-und-diaetischer-beziehung-mit-einer-blumenlese-als-ein-taschenbch-fuer-freunde-und-verehrer-derselben\/"},"modified":"2026-03-12T00:08:06","modified_gmt":"2026-03-11T23:08:06","slug":"gastronomie-tabak-hornstein-anton-der-taback-in-historische-finanzieller-und-diaetischer-beziehung-mit-einer-blumenlese-als-ein-taschenbch-fuer-freunde-und-verehrer-derselben","status":"publish","type":"product","link":"https:\/\/antiquariat-steinbach.com\/rarebooks\/produkt\/gastronomie-tabak-hornstein-anton-der-taback-in-historische-finanzieller-und-diaetischer-beziehung-mit-einer-blumenlese-als-ein-taschenbch-fuer-freunde-und-verehrer-derselben\/","title":{"rendered":"Gastronomie &#8211; Tabak &#8211;   Hornstein, Anton. &#8211;  Der Taback in historische, finanzieller und di\u00e4tischer Beziehung, mit einer Blumenlese als ein Taschenbch f\u00fcr Freunde und Verehrer derselben."},"content":{"rendered":"<p>Br\u00fcnn, Tra\u00dfler, 1828.<\/p>\n<p>16,5 : 10 cm. VIII, 189 pages, 1 folded table. Contemporary boards.<\/p>\n<p>340,00 EUR<\/p>\n","protected":false},"excerpt":{"rendered":"<p>All about tobacco, how it grows, his influence on health, dietetics etc. with special emphesis on tobacco in Austria. &#8211; Rare. &#8211; The tpographic printed original boards a bit dusty.<\/p>\n","protected":false},"featured_media":16721,"template":"","meta":[],"product_brand":[],"product_cat":[71,59,179,404,914],"product_tag":[],"class_list":{"0":"post-8071","1":"product","2":"type-product","3":"status-publish","4":"has-post-thumbnail","6":"product_cat-austriaca","7":"product_cat-kulturgeschichte","8":"product_cat-medizin","9":"product_cat-tabak","10":"product_cat-zvab","12":"first","13":"instock","14":"purchasable","15":"product-type-simple"},"_links":{"self":[{"href":"https:\/\/antiquariat-steinbach.com\/rarebooks\/wp-json\/wp\/v2\/product\/8071","targetHints":{"allow":["GET"]}}],"collection":[{"href":"https:\/\/antiquariat-steinbach.com\/rarebooks\/wp-json\/wp\/v2\/product"}],"about":[{"href":"https:\/\/antiquariat-steinbach.com\/rarebooks\/wp-json\/wp\/v2\/types\/product"}],"version-history":[{"count":5,"href":"https:\/\/antiquariat-steinbach.com\/rarebooks\/wp-json\/wp\/v2\/product\/8071\/revisions"}],"predecessor-version":[{"id":23856,"href":"https:\/\/antiquariat-steinbach.com\/rarebooks\/wp-json\/wp\/v2\/product\/8071\/revisions\/23856"}],"wp:featuredmedia":[{"embeddable":true,"href":"https:\/\/antiquariat-steinbach.com\/rarebooks\/wp-json\/wp\/v2\/media\/16721"}],"wp:attachment":[{"href":"https:\/\/antiquariat-steinbach.com\/rarebooks\/wp-json\/wp\/v2\/media?parent=8071"}],"wp:term":[{"taxonomy":"product_brand","embeddable":true,"href":"https:\/\/antiquariat-steinbach.com\/rarebooks\/wp-json\/wp\/v2\/product_brand?post=8071"},{"taxonomy":"product_cat","embeddable":true,"href":"https:\/\/antiquariat-steinbach.com\/rarebooks\/wp-json\/wp\/v2\/product_cat?post=8071"},{"taxonomy":"product_tag","embeddable":true,"href":"https:\/\/antiquariat-steinbach.com\/rarebooks\/wp-json\/wp\/v2\/product_tag?post=8071"}],"curies":[{"name":"wp","href":"https:\/\/api.w.org\/{rel}","templated":true}]}}