{"id":8047,"date":"2026-03-12T00:24:20","date_gmt":"2026-03-11T23:24:20","guid":{"rendered":"http:\/\/antiquariat-steinbach.com\/rarebooks\/produkt\/le-surrealisme-meme\/"},"modified":"2026-03-12T00:24:22","modified_gmt":"2026-03-11T23:24:22","slug":"surrealisme-breton-andre-le-surrealisme-meme","status":"publish","type":"product","link":"https:\/\/antiquariat-steinbach.com\/rarebooks\/produkt\/surrealisme-breton-andre-le-surrealisme-meme\/","title":{"rendered":"Surr\u00e9alisme &#8211;   Breton, Andr\u00e9. &#8211;  le surr\u00e9alisme, m\u00e8me"},"content":{"rendered":"<p>Paris, Pauvert, 1956 &#8211; 1959.<\/p>\n<p>no. 1- 5. Octobre 1956 &#8211; Printemps 1959. 19,5 : 19,5 cm. With many, partly coloured plates and illustratins. Coloured illustrated original wrappers.<\/p>\n<p>320,00 EUR<\/p>\n","protected":false},"excerpt":{"rendered":"<p>The complete collection, rare. The illustrated covers are by Duchamp, Molinier, Max, Bellmer and Arp. &#8211; Without the two enclosures. &#8211; Spine of vol. 1  demages, otherwise in good condition.  Paris: Jean-Jacques Pauvert \u00c9diteur, 1957-1959. Sm.8\u00b0 Sq. &#8211; 5 Volumes &#8211; 156-167-95-54-64 pages &#8211; Colour &#038; B\/w reproductions. Complete Collection of Le Surr\u00e9alisme, m\u00eame\/Surrealism itself: is one of the major surrealist journals of the post-war period, gathering the works and the remarks of Kostas Axelos, Jean-Louis B\u00e9douin, Hans Bellmer, Andr\u00e9 Breton, Leonora Carrington, Georges Darien, Adrien Dax, Marcel Duchamp, L\u00e9o Ferr\u00e9, Abel Gance, Julien Gracq, Nelly Kaplan, Joyce Mansour, Mayoux, ELT Mesens, Nora Mitrani, P.L. Palau, Octavio Paz, Benjamin Peret, Fernando Pessoa, Andr\u00e9 Pieyre of Mandiargues, Man Ray, Magloire Saint-Aude. First edition, text in French language. Original wrappers.<\/p>\n","protected":false},"featured_media":25026,"template":"","meta":[],"product_brand":[],"product_cat":[29,176,96,32,30,335,914],"product_tag":[],"class_list":{"0":"post-8047","1":"product","2":"type-product","3":"status-publish","4":"has-post-thumbnail","6":"product_cat-20-jahrhundert","7":"product_cat-first-edition","8":"product_cat-frankreich","9":"product_cat-literatur","10":"product_cat-malerei","11":"product_cat-surrealismus","12":"product_cat-zvab","14":"first","15":"instock","16":"purchasable","17":"product-type-simple"},"_links":{"self":[{"href":"https:\/\/antiquariat-steinbach.com\/rarebooks\/wp-json\/wp\/v2\/product\/8047","targetHints":{"allow":["GET"]}}],"collection":[{"href":"https:\/\/antiquariat-steinbach.com\/rarebooks\/wp-json\/wp\/v2\/product"}],"about":[{"href":"https:\/\/antiquariat-steinbach.com\/rarebooks\/wp-json\/wp\/v2\/types\/product"}],"version-history":[{"count":4,"href":"https:\/\/antiquariat-steinbach.com\/rarebooks\/wp-json\/wp\/v2\/product\/8047\/revisions"}],"predecessor-version":[{"id":25025,"href":"https:\/\/antiquariat-steinbach.com\/rarebooks\/wp-json\/wp\/v2\/product\/8047\/revisions\/25025"}],"wp:featuredmedia":[{"embeddable":true,"href":"https:\/\/antiquariat-steinbach.com\/rarebooks\/wp-json\/wp\/v2\/media\/25026"}],"wp:attachment":[{"href":"https:\/\/antiquariat-steinbach.com\/rarebooks\/wp-json\/wp\/v2\/media?parent=8047"}],"wp:term":[{"taxonomy":"product_brand","embeddable":true,"href":"https:\/\/antiquariat-steinbach.com\/rarebooks\/wp-json\/wp\/v2\/product_brand?post=8047"},{"taxonomy":"product_cat","embeddable":true,"href":"https:\/\/antiquariat-steinbach.com\/rarebooks\/wp-json\/wp\/v2\/product_cat?post=8047"},{"taxonomy":"product_tag","embeddable":true,"href":"https:\/\/antiquariat-steinbach.com\/rarebooks\/wp-json\/wp\/v2\/product_tag?post=8047"}],"curies":[{"name":"wp","href":"https:\/\/api.w.org\/{rel}","templated":true}]}}