{"id":8023,"date":"2026-03-12T00:24:18","date_gmt":"2026-03-11T23:24:18","guid":{"rendered":"http:\/\/antiquariat-steinbach.com\/rarebooks\/produkt\/year-book-of-decorative-art\/"},"modified":"2026-03-12T00:24:20","modified_gmt":"2026-03-11T23:24:20","slug":"studio-the-year-book-of-decorative-art","status":"publish","type":"product","link":"https:\/\/antiquariat-steinbach.com\/rarebooks\/produkt\/studio-the-year-book-of-decorative-art\/","title":{"rendered":"Studio, The: &#8211;  Year Book of Decorative Art."},"content":{"rendered":"<p>London, Paris, New York, &#8222;The Studio&#8220; 1913.<\/p>\n<p>29,5 : 20,5 cm. XVI, 248 Seiten mit 15 farbigen Tafeln und \u00fcber 400 Abbildungen. Farbig illustrierter Original-Karton.<\/p>\n<p>90,00 EUR<\/p>\n","protected":false},"excerpt":{"rendered":"<p>Enth\u00e4lt Kunstgewerbe aus Deutschland, \u00d6sterreich, Ungarn und England, darunter Arbeiten von C.O. Czeschka, Lotte Fochler, J. Hoffmann, B. L\u00f6ffler, M. Powolny, Jessie M. King, Dora Stone u.a. &#8211; Schnitt stellenweie gering fleckig.<\/p>\n","protected":false},"featured_media":0,"template":"","meta":[],"product_brand":[],"product_cat":[302,93,233,178,232,51,914],"product_tag":[],"class_list":{"0":"post-8023","1":"product","2":"type-product","3":"status-publish","5":"product_cat-dekoration","6":"product_cat-design","7":"product_cat-innenarchitektur","8":"product_cat-kunstgewerbe","9":"product_cat-moebel","10":"product_cat-textil","11":"product_cat-zvab","13":"first","14":"instock","15":"purchasable","16":"product-type-simple"},"_links":{"self":[{"href":"https:\/\/antiquariat-steinbach.com\/rarebooks\/wp-json\/wp\/v2\/product\/8023","targetHints":{"allow":["GET"]}}],"collection":[{"href":"https:\/\/antiquariat-steinbach.com\/rarebooks\/wp-json\/wp\/v2\/product"}],"about":[{"href":"https:\/\/antiquariat-steinbach.com\/rarebooks\/wp-json\/wp\/v2\/types\/product"}],"version-history":[{"count":3,"href":"https:\/\/antiquariat-steinbach.com\/rarebooks\/wp-json\/wp\/v2\/product\/8023\/revisions"}],"predecessor-version":[{"id":21924,"href":"https:\/\/antiquariat-steinbach.com\/rarebooks\/wp-json\/wp\/v2\/product\/8023\/revisions\/21924"}],"wp:attachment":[{"href":"https:\/\/antiquariat-steinbach.com\/rarebooks\/wp-json\/wp\/v2\/media?parent=8023"}],"wp:term":[{"taxonomy":"product_brand","embeddable":true,"href":"https:\/\/antiquariat-steinbach.com\/rarebooks\/wp-json\/wp\/v2\/product_brand?post=8023"},{"taxonomy":"product_cat","embeddable":true,"href":"https:\/\/antiquariat-steinbach.com\/rarebooks\/wp-json\/wp\/v2\/product_cat?post=8023"},{"taxonomy":"product_tag","embeddable":true,"href":"https:\/\/antiquariat-steinbach.com\/rarebooks\/wp-json\/wp\/v2\/product_tag?post=8023"}],"curies":[{"name":"wp","href":"https:\/\/api.w.org\/{rel}","templated":true}]}}