{"id":8017,"date":"2026-03-12T00:24:18","date_gmt":"2026-03-11T23:24:18","guid":{"rendered":"http:\/\/antiquariat-steinbach.com\/rarebooks\/produkt\/der-flaschenkobold\/"},"modified":"2026-03-12T00:24:19","modified_gmt":"2026-03-11T23:24:19","slug":"studer-stevenson-robert-louis-der-flaschenkobold","status":"publish","type":"product","link":"https:\/\/antiquariat-steinbach.com\/rarebooks\/produkt\/studer-stevenson-robert-louis-der-flaschenkobold\/","title":{"rendered":"Studer &#8211;   Stevenson, Robert Louis: &#8211;  Der Flaschenkobold."},"content":{"rendered":"<p>(Basel), Birkh\u00e4user (1963).<\/p>\n<p>23,5 : 16 cm. 48 Seiten, 2 Blatt mit 7 farbigen Original-Holzschnitten von Hanns Studer. Farbig illustrierter Original-Halbpergamentband.<\/p>\n<p>35,00 EUR<\/p>\n","protected":false},"excerpt":{"rendered":"<p>Eines von 600 numerierten Exemplaren die f\u00fcr den Buchhandel bestimmt waren. Mit den h\u00fcbschen Farbholzschnitten von Studer. Auf B\u00fctten. Zw\u00f6lfter Band der Reihe &#8218;Basler Drucke&#8216;.<\/p>\n","protected":false},"featured_media":27921,"template":"","meta":[],"product_brand":[],"product_cat":[29,43,32,914],"product_tag":[],"class_list":{"0":"post-8017","1":"product","2":"type-product","3":"status-publish","4":"has-post-thumbnail","6":"product_cat-20-jahrhundert","7":"product_cat-illustrierte-buecher","8":"product_cat-literatur","9":"product_cat-zvab","11":"first","12":"instock","13":"purchasable","14":"product-type-simple"},"_links":{"self":[{"href":"https:\/\/antiquariat-steinbach.com\/rarebooks\/wp-json\/wp\/v2\/product\/8017","targetHints":{"allow":["GET"]}}],"collection":[{"href":"https:\/\/antiquariat-steinbach.com\/rarebooks\/wp-json\/wp\/v2\/product"}],"about":[{"href":"https:\/\/antiquariat-steinbach.com\/rarebooks\/wp-json\/wp\/v2\/types\/product"}],"version-history":[{"count":4,"href":"https:\/\/antiquariat-steinbach.com\/rarebooks\/wp-json\/wp\/v2\/product\/8017\/revisions"}],"predecessor-version":[{"id":27920,"href":"https:\/\/antiquariat-steinbach.com\/rarebooks\/wp-json\/wp\/v2\/product\/8017\/revisions\/27920"}],"wp:featuredmedia":[{"embeddable":true,"href":"https:\/\/antiquariat-steinbach.com\/rarebooks\/wp-json\/wp\/v2\/media\/27921"}],"wp:attachment":[{"href":"https:\/\/antiquariat-steinbach.com\/rarebooks\/wp-json\/wp\/v2\/media?parent=8017"}],"wp:term":[{"taxonomy":"product_brand","embeddable":true,"href":"https:\/\/antiquariat-steinbach.com\/rarebooks\/wp-json\/wp\/v2\/product_brand?post=8017"},{"taxonomy":"product_cat","embeddable":true,"href":"https:\/\/antiquariat-steinbach.com\/rarebooks\/wp-json\/wp\/v2\/product_cat?post=8017"},{"taxonomy":"product_tag","embeddable":true,"href":"https:\/\/antiquariat-steinbach.com\/rarebooks\/wp-json\/wp\/v2\/product_tag?post=8017"}],"curies":[{"name":"wp","href":"https:\/\/api.w.org\/{rel}","templated":true}]}}