{"id":8011,"date":"2026-03-12T00:24:16","date_gmt":"2026-03-11T23:24:16","guid":{"rendered":"http:\/\/antiquariat-steinbach.com\/rarebooks\/produkt\/stubbs-buyers-directory-for-the-wholesale-drug-chemical-and-allied-trades\/"},"modified":"2026-03-12T00:24:18","modified_gmt":"2026-03-11T23:24:18","slug":"stubbs-alfred-stubbs-buyers-directory-for-the-wholesale-drug-chemical-and-allied-trades-2","status":"publish","type":"product","link":"https:\/\/antiquariat-steinbach.com\/rarebooks\/produkt\/stubbs-alfred-stubbs-buyers-directory-for-the-wholesale-drug-chemical-and-allied-trades-2\/","title":{"rendered":"Stubbs, Alfred: &#8211;  Stubbs buyers directory for the wholesale drug, chemical and allied trades."},"content":{"rendered":"<p>New York, Stubbs 1919.<\/p>\n<p>24 : 16 cm. XVIII, 388 Seiten Original-Leinenband.<\/p>\n<p>75,00 EUR<\/p>\n","protected":false},"excerpt":{"rendered":"<p>Verzeichnet pharmaceutische Produkte von Acentanilide, \u00fcber verschiedene Balsame, fruit flavors and extracts, verschiedenste \u00d6le bis Zinc Dust. Dazu die Namen der Firmen wo man diese Produkte beziehen kann. In der zwieten Abteilung die pharmaceutischen Specialit\u00e4ten von Acidol \u00fcber Cholecystitis tablets \u00fcber gloves bis wrist bands.<\/p>\n","protected":false},"featured_media":0,"template":"","meta":[],"product_brand":[],"product_cat":[81,179,150,914],"product_tag":[],"class_list":{"0":"post-8011","1":"product","2":"type-product","3":"status-publish","5":"product_cat-chemie","6":"product_cat-medizin","7":"product_cat-pharmazie","8":"product_cat-zvab","10":"first","11":"instock","12":"purchasable","13":"product-type-simple"},"_links":{"self":[{"href":"https:\/\/antiquariat-steinbach.com\/rarebooks\/wp-json\/wp\/v2\/product\/8011","targetHints":{"allow":["GET"]}}],"collection":[{"href":"https:\/\/antiquariat-steinbach.com\/rarebooks\/wp-json\/wp\/v2\/product"}],"about":[{"href":"https:\/\/antiquariat-steinbach.com\/rarebooks\/wp-json\/wp\/v2\/types\/product"}],"version-history":[{"count":3,"href":"https:\/\/antiquariat-steinbach.com\/rarebooks\/wp-json\/wp\/v2\/product\/8011\/revisions"}],"predecessor-version":[{"id":21919,"href":"https:\/\/antiquariat-steinbach.com\/rarebooks\/wp-json\/wp\/v2\/product\/8011\/revisions\/21919"}],"wp:attachment":[{"href":"https:\/\/antiquariat-steinbach.com\/rarebooks\/wp-json\/wp\/v2\/media?parent=8011"}],"wp:term":[{"taxonomy":"product_brand","embeddable":true,"href":"https:\/\/antiquariat-steinbach.com\/rarebooks\/wp-json\/wp\/v2\/product_brand?post=8011"},{"taxonomy":"product_cat","embeddable":true,"href":"https:\/\/antiquariat-steinbach.com\/rarebooks\/wp-json\/wp\/v2\/product_cat?post=8011"},{"taxonomy":"product_tag","embeddable":true,"href":"https:\/\/antiquariat-steinbach.com\/rarebooks\/wp-json\/wp\/v2\/product_tag?post=8011"}],"curies":[{"name":"wp","href":"https:\/\/api.w.org\/{rel}","templated":true}]}}