{"id":8009,"date":"2026-03-12T00:24:16","date_gmt":"2026-03-11T23:24:16","guid":{"rendered":"http:\/\/antiquariat-steinbach.com\/rarebooks\/produkt\/sacrosancta-adminiculante-triade-exercitium-juridicum-de-sacculariis-et-directariis-von-beutelschneidern-und-spitzbuben-2\/"},"modified":"2026-03-12T00:24:18","modified_gmt":"2026-03-11T23:24:18","slug":"stryk-samuel-sacrosancta-adminiculante-triade-exercitium-juridicum-de-sacculariis-et-directariis-von-beutelschneidern-und-spitzbuben-2","status":"publish","type":"product","link":"https:\/\/antiquariat-steinbach.com\/rarebooks\/produkt\/stryk-samuel-sacrosancta-adminiculante-triade-exercitium-juridicum-de-sacculariis-et-directariis-von-beutelschneidern-und-spitzbuben-2\/","title":{"rendered":"Stryk, Samuel: &#8211;  Sacrosancta adminiculante triade exercitium juridicum de sacculariis et directariis, Von BeutelSchneidern und Spitzbuben."},"content":{"rendered":"<p>Bielefeld, Zeitler 1667.<\/p>\n<p>19 : 15,5 cm. 60 Seiten Halbleinenband.<\/p>\n<p>480,00 EUR<\/p>\n","protected":false},"excerpt":{"rendered":"<p>Samuel Stryk (1640-1710), ein klassischer Vertreter des usus modernus pandectatum, editierte bedeutende rechtsdogmatische Werke, die das einheimische Recht mit dem eingedrungenen r\u00f6mischen Recht zu einer Synthese verhalfen. Sein Einflu\u00df auf die Rechtswissenscahft und Praxis war sehr gro\u00df. &#8211; Etwas gebr\u00e4unt.<\/p>\n","protected":false},"featured_media":17677,"template":"","meta":[],"product_brand":[],"product_cat":[249,111,914],"product_tag":[],"class_list":{"0":"post-8009","1":"product","2":"type-product","3":"status-publish","4":"has-post-thumbnail","6":"product_cat-recht","7":"product_cat-varia","8":"product_cat-zvab","10":"first","11":"instock","12":"purchasable","13":"product-type-simple"},"_links":{"self":[{"href":"https:\/\/antiquariat-steinbach.com\/rarebooks\/wp-json\/wp\/v2\/product\/8009","targetHints":{"allow":["GET"]}}],"collection":[{"href":"https:\/\/antiquariat-steinbach.com\/rarebooks\/wp-json\/wp\/v2\/product"}],"about":[{"href":"https:\/\/antiquariat-steinbach.com\/rarebooks\/wp-json\/wp\/v2\/types\/product"}],"version-history":[{"count":3,"href":"https:\/\/antiquariat-steinbach.com\/rarebooks\/wp-json\/wp\/v2\/product\/8009\/revisions"}],"predecessor-version":[{"id":21917,"href":"https:\/\/antiquariat-steinbach.com\/rarebooks\/wp-json\/wp\/v2\/product\/8009\/revisions\/21917"}],"wp:featuredmedia":[{"embeddable":true,"href":"https:\/\/antiquariat-steinbach.com\/rarebooks\/wp-json\/wp\/v2\/media\/17677"}],"wp:attachment":[{"href":"https:\/\/antiquariat-steinbach.com\/rarebooks\/wp-json\/wp\/v2\/media?parent=8009"}],"wp:term":[{"taxonomy":"product_brand","embeddable":true,"href":"https:\/\/antiquariat-steinbach.com\/rarebooks\/wp-json\/wp\/v2\/product_brand?post=8009"},{"taxonomy":"product_cat","embeddable":true,"href":"https:\/\/antiquariat-steinbach.com\/rarebooks\/wp-json\/wp\/v2\/product_cat?post=8009"},{"taxonomy":"product_tag","embeddable":true,"href":"https:\/\/antiquariat-steinbach.com\/rarebooks\/wp-json\/wp\/v2\/product_tag?post=8009"}],"curies":[{"name":"wp","href":"https:\/\/api.w.org\/{rel}","templated":true}]}}