{"id":7989,"date":"2026-03-12T00:24:14","date_gmt":"2026-03-11T23:24:14","guid":{"rendered":"http:\/\/antiquariat-steinbach.com\/rarebooks\/produkt\/johann-strauss-und-seine-zeitgenossen\/"},"modified":"2026-03-12T00:24:15","modified_gmt":"2026-03-11T23:24:15","slug":"strauss-oettinger-eduard-maria-johann-strauss-und-seine-zeitgenossen","status":"publish","type":"product","link":"https:\/\/antiquariat-steinbach.com\/rarebooks\/produkt\/strauss-oettinger-eduard-maria-johann-strauss-und-seine-zeitgenossen\/","title":{"rendered":"Strau\u00df &#8211;   Oettinger, Eduard Maria. &#8211;  Johann Strau\u00df und seine Zeitgenossen."},"content":{"rendered":"<p>Wien, Verlag &#8218;Illustrirten Wiener Extrablatt&#8216; 1891.<\/p>\n<p>26 : 21 cm. 276 Seiten mit einigen Holzstichen. Halbpergaminband der Zeit.<\/p>\n<p>35,00 EUR<\/p>\n","protected":false},"excerpt":{"rendered":"<p>Papierbedint gebr\u00e4unt, R\u00fccken gering besch\u00e4digt.<\/p>\n","protected":false},"featured_media":0,"template":"","meta":[],"product_brand":[],"product_cat":[144,914],"product_tag":[],"class_list":{"0":"post-7989","1":"product","2":"type-product","3":"status-publish","5":"product_cat-musik","6":"product_cat-zvab","8":"first","9":"instock","10":"purchasable","11":"product-type-simple"},"_links":{"self":[{"href":"https:\/\/antiquariat-steinbach.com\/rarebooks\/wp-json\/wp\/v2\/product\/7989","targetHints":{"allow":["GET"]}}],"collection":[{"href":"https:\/\/antiquariat-steinbach.com\/rarebooks\/wp-json\/wp\/v2\/product"}],"about":[{"href":"https:\/\/antiquariat-steinbach.com\/rarebooks\/wp-json\/wp\/v2\/types\/product"}],"version-history":[{"count":3,"href":"https:\/\/antiquariat-steinbach.com\/rarebooks\/wp-json\/wp\/v2\/product\/7989\/revisions"}],"predecessor-version":[{"id":21904,"href":"https:\/\/antiquariat-steinbach.com\/rarebooks\/wp-json\/wp\/v2\/product\/7989\/revisions\/21904"}],"wp:attachment":[{"href":"https:\/\/antiquariat-steinbach.com\/rarebooks\/wp-json\/wp\/v2\/media?parent=7989"}],"wp:term":[{"taxonomy":"product_brand","embeddable":true,"href":"https:\/\/antiquariat-steinbach.com\/rarebooks\/wp-json\/wp\/v2\/product_brand?post=7989"},{"taxonomy":"product_cat","embeddable":true,"href":"https:\/\/antiquariat-steinbach.com\/rarebooks\/wp-json\/wp\/v2\/product_cat?post=7989"},{"taxonomy":"product_tag","embeddable":true,"href":"https:\/\/antiquariat-steinbach.com\/rarebooks\/wp-json\/wp\/v2\/product_tag?post=7989"}],"curies":[{"name":"wp","href":"https:\/\/api.w.org\/{rel}","templated":true}]}}