{"id":7983,"date":"2026-03-12T00:24:14","date_gmt":"2026-03-11T23:24:14","guid":{"rendered":"http:\/\/antiquariat-steinbach.com\/rarebooks\/produkt\/der-rosenkavalier-komoedie-fuer-musik-in-drei-aufzuegen-musik-von-richard-strauss-2\/"},"modified":"2026-03-12T00:24:15","modified_gmt":"2026-03-11T23:24:15","slug":"strauss-hofmannsthal-hugo-von-der-rosenkavalier-komoedie-fuer-musik-in-drei-aufzuegen-musik-von-richard-strauss-2","status":"publish","type":"product","link":"https:\/\/antiquariat-steinbach.com\/rarebooks\/produkt\/strauss-hofmannsthal-hugo-von-der-rosenkavalier-komoedie-fuer-musik-in-drei-aufzuegen-musik-von-richard-strauss-2\/","title":{"rendered":"Strauss &#8211;   Hofmannsthal, Hugo von. &#8211;  Der Rosenkavalier. Kom\u00f6die f\u00fcr Musik in drei Aufz\u00fcgen. Musik von Richard Strauss."},"content":{"rendered":"<p>London, Boosey &#038; Hawkes, 1939.<\/p>\n<p>18 : 12 cm. 3 leaves, 150 pages. Original boards.<\/p>\n<p>15,00 EUR<\/p>\n","protected":false},"excerpt":{"rendered":"<p>Libretto for Strauss&#8216; famous opera. Text in German.<\/p>\n","protected":false},"featured_media":0,"template":"","meta":[],"product_brand":[],"product_cat":[32,144,914],"product_tag":[],"class_list":{"0":"post-7983","1":"product","2":"type-product","3":"status-publish","5":"product_cat-literatur","6":"product_cat-musik","7":"product_cat-zvab","9":"first","10":"instock","11":"purchasable","12":"product-type-simple"},"_links":{"self":[{"href":"https:\/\/antiquariat-steinbach.com\/rarebooks\/wp-json\/wp\/v2\/product\/7983","targetHints":{"allow":["GET"]}}],"collection":[{"href":"https:\/\/antiquariat-steinbach.com\/rarebooks\/wp-json\/wp\/v2\/product"}],"about":[{"href":"https:\/\/antiquariat-steinbach.com\/rarebooks\/wp-json\/wp\/v2\/types\/product"}],"version-history":[{"count":3,"href":"https:\/\/antiquariat-steinbach.com\/rarebooks\/wp-json\/wp\/v2\/product\/7983\/revisions"}],"predecessor-version":[{"id":21901,"href":"https:\/\/antiquariat-steinbach.com\/rarebooks\/wp-json\/wp\/v2\/product\/7983\/revisions\/21901"}],"wp:attachment":[{"href":"https:\/\/antiquariat-steinbach.com\/rarebooks\/wp-json\/wp\/v2\/media?parent=7983"}],"wp:term":[{"taxonomy":"product_brand","embeddable":true,"href":"https:\/\/antiquariat-steinbach.com\/rarebooks\/wp-json\/wp\/v2\/product_brand?post=7983"},{"taxonomy":"product_cat","embeddable":true,"href":"https:\/\/antiquariat-steinbach.com\/rarebooks\/wp-json\/wp\/v2\/product_cat?post=7983"},{"taxonomy":"product_tag","embeddable":true,"href":"https:\/\/antiquariat-steinbach.com\/rarebooks\/wp-json\/wp\/v2\/product_tag?post=7983"}],"curies":[{"name":"wp","href":"https:\/\/api.w.org\/{rel}","templated":true}]}}