{"id":795,"date":"2026-03-12T00:00:55","date_gmt":"2026-03-11T23:00:55","guid":{"rendered":"http:\/\/antiquariat-steinbach.com\/rarebooks\/produkt\/3-maschinengeschriebene-vertraege-von-andrei-signiert-wien-1917-1920\/"},"modified":"2026-03-12T00:00:56","modified_gmt":"2026-03-11T23:00:56","slug":"autographen-andri-ferdinand-maler-und-zeichner-1871-1956-3-maschinengeschriebene-vertraege-von-andrei-signiert-wien-1917-1920","status":"publish","type":"product","link":"https:\/\/antiquariat-steinbach.com\/rarebooks\/produkt\/autographen-andri-ferdinand-maler-und-zeichner-1871-1956-3-maschinengeschriebene-vertraege-von-andrei-signiert-wien-1917-1920\/","title":{"rendered":"Autographen &#8211;   Andri, Ferdinand, Maler und Zeichner (1871-1956). &#8211;  3 maschinengeschriebene Vertr\u00e4ge, von Andrei signiert, Wien 1917 &#8211; 1920."},"content":{"rendered":"<p>Vienna, 1917-1920.<\/p>\n<p>23,5 : 15 cm. Zusammen 4 1\/2 Seiten auf 6 Blatt.<\/p>\n<p>150,00 EUR<\/p>\n","protected":false},"excerpt":{"rendered":"<p>Vertr\u00e4ge \u00fcber den Verkauf von 3 Lithographien (&#8222;Ausgedient&#8220;, &#8222;Mutter und Kind&#8220; und  &#8222;Tiroler Winzerin&#8220;) an die Gesellschaft f\u00fcr vervielf\u00e4ltigende Kunst in Wien und &#8222;dem ausschliesslich noch v\u00f6llig unbegebenen Reproduktionsrecht zur unbeschr\u00e4nkten Verwertung&#8220;.<\/p>\n","protected":false},"featured_media":0,"template":"","meta":[],"product_brand":[],"product_cat":[29,71,186,30,914],"product_tag":[],"class_list":{"0":"post-795","1":"product","2":"type-product","3":"status-publish","5":"product_cat-20-jahrhundert","6":"product_cat-austriaca","7":"product_cat-autographen","8":"product_cat-malerei","9":"product_cat-zvab","11":"first","12":"instock","13":"purchasable","14":"product-type-simple"},"_links":{"self":[{"href":"https:\/\/antiquariat-steinbach.com\/rarebooks\/wp-json\/wp\/v2\/product\/795","targetHints":{"allow":["GET"]}}],"collection":[{"href":"https:\/\/antiquariat-steinbach.com\/rarebooks\/wp-json\/wp\/v2\/product"}],"about":[{"href":"https:\/\/antiquariat-steinbach.com\/rarebooks\/wp-json\/wp\/v2\/types\/product"}],"version-history":[{"count":3,"href":"https:\/\/antiquariat-steinbach.com\/rarebooks\/wp-json\/wp\/v2\/product\/795\/revisions"}],"predecessor-version":[{"id":18583,"href":"https:\/\/antiquariat-steinbach.com\/rarebooks\/wp-json\/wp\/v2\/product\/795\/revisions\/18583"}],"wp:attachment":[{"href":"https:\/\/antiquariat-steinbach.com\/rarebooks\/wp-json\/wp\/v2\/media?parent=795"}],"wp:term":[{"taxonomy":"product_brand","embeddable":true,"href":"https:\/\/antiquariat-steinbach.com\/rarebooks\/wp-json\/wp\/v2\/product_brand?post=795"},{"taxonomy":"product_cat","embeddable":true,"href":"https:\/\/antiquariat-steinbach.com\/rarebooks\/wp-json\/wp\/v2\/product_cat?post=795"},{"taxonomy":"product_tag","embeddable":true,"href":"https:\/\/antiquariat-steinbach.com\/rarebooks\/wp-json\/wp\/v2\/product_tag?post=795"}],"curies":[{"name":"wp","href":"https:\/\/api.w.org\/{rel}","templated":true}]}}