{"id":7939,"date":"2026-03-12T00:24:10","date_gmt":"2026-03-11T23:24:10","guid":{"rendered":"http:\/\/antiquariat-steinbach.com\/rarebooks\/produkt\/stierkampf\/"},"modified":"2026-03-12T00:24:11","modified_gmt":"2026-03-11T23:24:11","slug":"stierkampf-thelen-albert-vigoles-stierkampf","status":"publish","type":"product","link":"https:\/\/antiquariat-steinbach.com\/rarebooks\/produkt\/stierkampf-thelen-albert-vigoles-stierkampf\/","title":{"rendered":"Stierkampf &#8211;   Thelen, Albert Vigoles: &#8211;  Stierkampf."},"content":{"rendered":"<p>(Reicheneck, Aldus-Presse 1989.<\/p>\n<p>48,5 : 31,5 cm. Farbig illustriertes Doppelblatt<\/p>\n<p>40,00 EUR<\/p>\n","protected":false},"excerpt":{"rendered":"<p>Erste Ausgabe. &#8211; In 333 Exemplaren hier zum erstenmal gedrucktes Gedicht, von Arno Piechorowski in 20 Punkt Baskerville \u00fcber Materialdruck in verschiedenen Rot-T\u00f6nen in Form eines Stierkopfes gedruckt. Ehedem als Geburtstagsgru\u00df geplant, posthum als Erinnerung an seinen Tod erschienen. Einblattdruck, in der Mittel gefaltet. &#8211; Geringf\u00fcgig knittrig. &#8211; Nicht mehr bei Spindler, KLG etc.<\/p>\n","protected":false},"featured_media":17667,"template":"","meta":[],"product_brand":[],"product_cat":[46,148,47,914],"product_tag":[],"class_list":{"0":"post-7939","1":"product","2":"type-product","3":"status-publish","4":"has-post-thumbnail","6":"product_cat-pressendrucke","7":"product_cat-spanien","8":"product_cat-typographie","9":"product_cat-zvab","11":"first","12":"instock","13":"purchasable","14":"product-type-simple"},"_links":{"self":[{"href":"https:\/\/antiquariat-steinbach.com\/rarebooks\/wp-json\/wp\/v2\/product\/7939","targetHints":{"allow":["GET"]}}],"collection":[{"href":"https:\/\/antiquariat-steinbach.com\/rarebooks\/wp-json\/wp\/v2\/product"}],"about":[{"href":"https:\/\/antiquariat-steinbach.com\/rarebooks\/wp-json\/wp\/v2\/types\/product"}],"version-history":[{"count":3,"href":"https:\/\/antiquariat-steinbach.com\/rarebooks\/wp-json\/wp\/v2\/product\/7939\/revisions"}],"predecessor-version":[{"id":21886,"href":"https:\/\/antiquariat-steinbach.com\/rarebooks\/wp-json\/wp\/v2\/product\/7939\/revisions\/21886"}],"wp:featuredmedia":[{"embeddable":true,"href":"https:\/\/antiquariat-steinbach.com\/rarebooks\/wp-json\/wp\/v2\/media\/17667"}],"wp:attachment":[{"href":"https:\/\/antiquariat-steinbach.com\/rarebooks\/wp-json\/wp\/v2\/media?parent=7939"}],"wp:term":[{"taxonomy":"product_brand","embeddable":true,"href":"https:\/\/antiquariat-steinbach.com\/rarebooks\/wp-json\/wp\/v2\/product_brand?post=7939"},{"taxonomy":"product_cat","embeddable":true,"href":"https:\/\/antiquariat-steinbach.com\/rarebooks\/wp-json\/wp\/v2\/product_cat?post=7939"},{"taxonomy":"product_tag","embeddable":true,"href":"https:\/\/antiquariat-steinbach.com\/rarebooks\/wp-json\/wp\/v2\/product_tag?post=7939"}],"curies":[{"name":"wp","href":"https:\/\/api.w.org\/{rel}","templated":true}]}}