{"id":7937,"date":"2026-03-12T00:24:10","date_gmt":"2026-03-11T23:24:10","guid":{"rendered":"http:\/\/antiquariat-steinbach.com\/rarebooks\/produkt\/schul-atlas-ueber-alle-theile-der-erde-und-ueber-das-weltgebaeude\/"},"modified":"2026-03-12T00:24:11","modified_gmt":"2026-03-11T23:24:11","slug":"stieler-ad-schul-atlas-ueber-alle-theile-der-erde-und-ueber-das-weltgebaeude","status":"publish","type":"product","link":"https:\/\/antiquariat-steinbach.com\/rarebooks\/produkt\/stieler-ad-schul-atlas-ueber-alle-theile-der-erde-und-ueber-das-weltgebaeude\/","title":{"rendered":"Stieler, Ad: &#8211;  Schul-Atlas \u00fcber alle Theile der Erde und \u00fcber das Weltgeb\u00e4ude."},"content":{"rendered":"<p>Gotha, Perthes 1865.<\/p>\n<p>45. Auflage. 25 : 31 cm. 1 leaf With 39 partly coloured, engraved maps. Contemporary cloth, boards blind-stamped.<\/p>\n<p>320,00 EUR<\/p>\n","protected":false},"excerpt":{"rendered":"<p>With maps of the planets, stars, the world, maps of the five continents and individual European countries. &#8211; Binding a bit rubbed.<\/p>\n","protected":false},"featured_media":17666,"template":"","meta":[],"product_brand":[],"product_cat":[138,65,914],"product_tag":[],"class_list":{"0":"post-7937","1":"product","2":"type-product","3":"status-publish","4":"has-post-thumbnail","6":"product_cat-atlanten","7":"product_cat-geographie","8":"product_cat-zvab","10":"first","11":"instock","12":"purchasable","13":"product-type-simple"},"_links":{"self":[{"href":"https:\/\/antiquariat-steinbach.com\/rarebooks\/wp-json\/wp\/v2\/product\/7937","targetHints":{"allow":["GET"]}}],"collection":[{"href":"https:\/\/antiquariat-steinbach.com\/rarebooks\/wp-json\/wp\/v2\/product"}],"about":[{"href":"https:\/\/antiquariat-steinbach.com\/rarebooks\/wp-json\/wp\/v2\/types\/product"}],"version-history":[{"count":3,"href":"https:\/\/antiquariat-steinbach.com\/rarebooks\/wp-json\/wp\/v2\/product\/7937\/revisions"}],"predecessor-version":[{"id":21885,"href":"https:\/\/antiquariat-steinbach.com\/rarebooks\/wp-json\/wp\/v2\/product\/7937\/revisions\/21885"}],"wp:featuredmedia":[{"embeddable":true,"href":"https:\/\/antiquariat-steinbach.com\/rarebooks\/wp-json\/wp\/v2\/media\/17666"}],"wp:attachment":[{"href":"https:\/\/antiquariat-steinbach.com\/rarebooks\/wp-json\/wp\/v2\/media?parent=7937"}],"wp:term":[{"taxonomy":"product_brand","embeddable":true,"href":"https:\/\/antiquariat-steinbach.com\/rarebooks\/wp-json\/wp\/v2\/product_brand?post=7937"},{"taxonomy":"product_cat","embeddable":true,"href":"https:\/\/antiquariat-steinbach.com\/rarebooks\/wp-json\/wp\/v2\/product_cat?post=7937"},{"taxonomy":"product_tag","embeddable":true,"href":"https:\/\/antiquariat-steinbach.com\/rarebooks\/wp-json\/wp\/v2\/product_tag?post=7937"}],"curies":[{"name":"wp","href":"https:\/\/api.w.org\/{rel}","templated":true}]}}