{"id":7919,"date":"2026-03-12T00:24:08","date_gmt":"2026-03-11T23:24:08","guid":{"rendered":"http:\/\/antiquariat-steinbach.com\/rarebooks\/produkt\/der-stoffdruck\/"},"modified":"2026-03-12T00:24:08","modified_gmt":"2026-03-11T23:24:08","slug":"steinoel-th-der-stoffdruck","status":"publish","type":"product","link":"https:\/\/antiquariat-steinbach.com\/rarebooks\/produkt\/steinoel-th-der-stoffdruck\/","title":{"rendered":"Steinoel, Th: &#8211;  Der Stoffdruck."},"content":{"rendered":"<p>M\u00fcnchen, Verlag Kunst und Schule o.J.<\/p>\n<p>32,5 : 23 cm. Seiten 7 &#8211; 22 mit 6 Abbildungen, 12 farbigen Tafeln mit Abbildungen. Original-Umschlag.<\/p>\n<p>50,00 EUR<\/p>\n","protected":false},"excerpt":{"rendered":"<p>Mit Beispielen f\u00fcr bedruckte B#nder, Fl\u00e4chenf\u00fcllung, Tischdecken und Zierdeckchen, Streublumen etc. &#8211; Bildunterschriften in Englisch, Spanisch, Franz\u00f6sisch und Italienisch. &#8211;  Kunsttechnische Handb\u00fccher Nr. 3.<\/p>\n","protected":false},"featured_media":17659,"template":"","meta":[],"product_brand":[],"product_cat":[468,55,77,51,111,914],"product_tag":[],"class_list":{"0":"post-7919","1":"product","2":"type-product","3":"status-publish","4":"has-post-thumbnail","6":"product_cat-druck","7":"product_cat-fashion","8":"product_cat-technik","9":"product_cat-textil","10":"product_cat-varia","11":"product_cat-zvab","13":"first","14":"instock","15":"purchasable","16":"product-type-simple"},"_links":{"self":[{"href":"https:\/\/antiquariat-steinbach.com\/rarebooks\/wp-json\/wp\/v2\/product\/7919","targetHints":{"allow":["GET"]}}],"collection":[{"href":"https:\/\/antiquariat-steinbach.com\/rarebooks\/wp-json\/wp\/v2\/product"}],"about":[{"href":"https:\/\/antiquariat-steinbach.com\/rarebooks\/wp-json\/wp\/v2\/types\/product"}],"version-history":[{"count":4,"href":"https:\/\/antiquariat-steinbach.com\/rarebooks\/wp-json\/wp\/v2\/product\/7919\/revisions"}],"predecessor-version":[{"id":21874,"href":"https:\/\/antiquariat-steinbach.com\/rarebooks\/wp-json\/wp\/v2\/product\/7919\/revisions\/21874"}],"wp:featuredmedia":[{"embeddable":true,"href":"https:\/\/antiquariat-steinbach.com\/rarebooks\/wp-json\/wp\/v2\/media\/17659"}],"wp:attachment":[{"href":"https:\/\/antiquariat-steinbach.com\/rarebooks\/wp-json\/wp\/v2\/media?parent=7919"}],"wp:term":[{"taxonomy":"product_brand","embeddable":true,"href":"https:\/\/antiquariat-steinbach.com\/rarebooks\/wp-json\/wp\/v2\/product_brand?post=7919"},{"taxonomy":"product_cat","embeddable":true,"href":"https:\/\/antiquariat-steinbach.com\/rarebooks\/wp-json\/wp\/v2\/product_cat?post=7919"},{"taxonomy":"product_tag","embeddable":true,"href":"https:\/\/antiquariat-steinbach.com\/rarebooks\/wp-json\/wp\/v2\/product_tag?post=7919"}],"curies":[{"name":"wp","href":"https:\/\/api.w.org\/{rel}","templated":true}]}}