{"id":7913,"date":"2026-03-12T00:24:06","date_gmt":"2026-03-11T23:24:06","guid":{"rendered":"http:\/\/antiquariat-steinbach.com\/rarebooks\/produkt\/bootssteg-am-fluss-mit-haus\/"},"modified":"2026-03-12T00:24:07","modified_gmt":"2026-03-11T23:24:07","slug":"steiner-prag-hugo-bootssteg-am-fluss-mit-haus","status":"publish","type":"product","link":"https:\/\/antiquariat-steinbach.com\/rarebooks\/produkt\/steiner-prag-hugo-bootssteg-am-fluss-mit-haus\/","title":{"rendered":"Steiner-Prag, Hugo: &#8211;  Bootssteg am Fluss mit Haus."},"content":{"rendered":"<p>o.J.<\/p>\n<p>31 : 25 cm. Original-Lithographie.<\/p>\n<p>60,00 EUR<\/p>\n","protected":false},"excerpt":{"rendered":"<p>Die ansprechende Darstellung zeigt einen Flu\u00df mit zwei Br\u00fccken, im Vordergrund ein Bootanlegeplatz mit gro\u00dfem Baum und Haus, im Hintergrund Fischer auf einem Boot.<\/p>\n","protected":false},"featured_media":0,"template":"","meta":[],"product_brand":[],"product_cat":[29,153,914],"product_tag":[],"class_list":{"0":"post-7913","1":"product","2":"type-product","3":"status-publish","5":"product_cat-20-jahrhundert","6":"product_cat-graphik","7":"product_cat-zvab","9":"first","10":"instock","11":"purchasable","12":"product-type-simple"},"_links":{"self":[{"href":"https:\/\/antiquariat-steinbach.com\/rarebooks\/wp-json\/wp\/v2\/product\/7913","targetHints":{"allow":["GET"]}}],"collection":[{"href":"https:\/\/antiquariat-steinbach.com\/rarebooks\/wp-json\/wp\/v2\/product"}],"about":[{"href":"https:\/\/antiquariat-steinbach.com\/rarebooks\/wp-json\/wp\/v2\/types\/product"}],"version-history":[{"count":3,"href":"https:\/\/antiquariat-steinbach.com\/rarebooks\/wp-json\/wp\/v2\/product\/7913\/revisions"}],"predecessor-version":[{"id":21870,"href":"https:\/\/antiquariat-steinbach.com\/rarebooks\/wp-json\/wp\/v2\/product\/7913\/revisions\/21870"}],"wp:attachment":[{"href":"https:\/\/antiquariat-steinbach.com\/rarebooks\/wp-json\/wp\/v2\/media?parent=7913"}],"wp:term":[{"taxonomy":"product_brand","embeddable":true,"href":"https:\/\/antiquariat-steinbach.com\/rarebooks\/wp-json\/wp\/v2\/product_brand?post=7913"},{"taxonomy":"product_cat","embeddable":true,"href":"https:\/\/antiquariat-steinbach.com\/rarebooks\/wp-json\/wp\/v2\/product_cat?post=7913"},{"taxonomy":"product_tag","embeddable":true,"href":"https:\/\/antiquariat-steinbach.com\/rarebooks\/wp-json\/wp\/v2\/product_tag?post=7913"}],"curies":[{"name":"wp","href":"https:\/\/api.w.org\/{rel}","templated":true}]}}