{"id":7909,"date":"2026-03-12T00:24:06","date_gmt":"2026-03-11T23:24:06","guid":{"rendered":"http:\/\/antiquariat-steinbach.com\/rarebooks\/produkt\/schloss-rendevous\/"},"modified":"2026-03-12T00:24:07","modified_gmt":"2026-03-11T23:24:07","slug":"steiner-prag-hammerstein-hans-freiherr-von-schloss-rendevous","status":"publish","type":"product","link":"https:\/\/antiquariat-steinbach.com\/rarebooks\/produkt\/steiner-prag-hammerstein-hans-freiherr-von-schloss-rendevous\/","title":{"rendered":"Steiner-Prag &#8211;   Hammerstein, Hans Freiherr von: &#8211;  Schloss Rendevous."},"content":{"rendered":"<p>M\u00fcnchen, Parcus 1918.<\/p>\n<p>26 : 20 cm. 41 Seiten Mit 6 ganzseitigen, handkolorierten und signierten Original-Lithographien und 10 Vignetten von Hugo Steiner-Prag. Illustrierter Original-Seidenband mit Schutzumschlag in farbig illustrierter Original-Halbleinen-Kassette.<\/p>\n<p>480,00 EUR<\/p>\n","protected":false},"excerpt":{"rendered":"<p>Erste Ausgabe. Exemplar einer nur kleinen numerierten Vorzugsausgabe bei der jede Lithographie von K\u00fcnstler koloriert und signiert wurde. Ebenso der Druckvermerk vom K\u00fcnstler sigiert. Auf dem fliegenden Vorsatz eigenh\u00e4ndige Widmung mit Unterschrift des Verfassers Hans Hammerstein, datiert Wien 1935. &#8211; Der empfindliche Seideneinband an den Kanten gering berieben, Vorderdeckel der Kassette etwaas angestaubt.<\/p>\n","protected":false},"featured_media":17655,"template":"","meta":[],"product_brand":[],"product_cat":[29,43,914],"product_tag":[],"class_list":{"0":"post-7909","1":"product","2":"type-product","3":"status-publish","4":"has-post-thumbnail","6":"product_cat-20-jahrhundert","7":"product_cat-illustrierte-buecher","8":"product_cat-zvab","10":"first","11":"instock","12":"purchasable","13":"product-type-simple"},"_links":{"self":[{"href":"https:\/\/antiquariat-steinbach.com\/rarebooks\/wp-json\/wp\/v2\/product\/7909","targetHints":{"allow":["GET"]}}],"collection":[{"href":"https:\/\/antiquariat-steinbach.com\/rarebooks\/wp-json\/wp\/v2\/product"}],"about":[{"href":"https:\/\/antiquariat-steinbach.com\/rarebooks\/wp-json\/wp\/v2\/types\/product"}],"version-history":[{"count":3,"href":"https:\/\/antiquariat-steinbach.com\/rarebooks\/wp-json\/wp\/v2\/product\/7909\/revisions"}],"predecessor-version":[{"id":21868,"href":"https:\/\/antiquariat-steinbach.com\/rarebooks\/wp-json\/wp\/v2\/product\/7909\/revisions\/21868"}],"wp:featuredmedia":[{"embeddable":true,"href":"https:\/\/antiquariat-steinbach.com\/rarebooks\/wp-json\/wp\/v2\/media\/17655"}],"wp:attachment":[{"href":"https:\/\/antiquariat-steinbach.com\/rarebooks\/wp-json\/wp\/v2\/media?parent=7909"}],"wp:term":[{"taxonomy":"product_brand","embeddable":true,"href":"https:\/\/antiquariat-steinbach.com\/rarebooks\/wp-json\/wp\/v2\/product_brand?post=7909"},{"taxonomy":"product_cat","embeddable":true,"href":"https:\/\/antiquariat-steinbach.com\/rarebooks\/wp-json\/wp\/v2\/product_cat?post=7909"},{"taxonomy":"product_tag","embeddable":true,"href":"https:\/\/antiquariat-steinbach.com\/rarebooks\/wp-json\/wp\/v2\/product_tag?post=7909"}],"curies":[{"name":"wp","href":"https:\/\/api.w.org\/{rel}","templated":true}]}}