{"id":7879,"date":"2026-03-12T00:24:02","date_gmt":"2026-03-11T23:24:02","guid":{"rendered":"http:\/\/antiquariat-steinbach.com\/rarebooks\/produkt\/bilderwerk-zum-anschauungsunterricht-fuer-juengere-kinder\/"},"modified":"2026-03-12T00:24:03","modified_gmt":"2026-03-11T23:24:03","slug":"staub-j-bilderwerk-zum-anschauungsunterricht-fuer-juengere-kinder","status":"publish","type":"product","link":"https:\/\/antiquariat-steinbach.com\/rarebooks\/produkt\/staub-j-bilderwerk-zum-anschauungsunterricht-fuer-juengere-kinder\/","title":{"rendered":"Staub, J: &#8211;  Bilderwerk zum Anschauungsunterricht f\u00fcr j\u00fcngere Kinder."},"content":{"rendered":"<p>Z\u00fcrich, Thessung &#038; Stauffacher, o.J. ca. 1870<\/p>\n<p>Sammlung aus 4 Heften 33,5 : 23 cm. Titel, 8 Seiten mit 17 farbigen chromolithographierten Doppeltafeln. Original-Halbleinenband mit farbigem Deckelbild (Kinder und Lamm in Alpenlandschaft).<\/p>\n<p>80,00 EUR<\/p>\n","protected":false},"excerpt":{"rendered":"<p>Dieses sehr bedeutende, vom Verfasser des bekannten &#8222;Kinderb\u00fcchleins&#8220; herausgegebene und mit Texten versehene Sachbilderbuch &#8211; eine selbst\u00e4ndige Weiterf\u00fchrung und Erweiterung der Schreiberschen Anschauungsb\u00fccher &#8211; wurde bis ins 20. Jahrhundert hinein immer wieder neu aufgelegt. Neben den \u00fcblich Abbildungen von Pflanzen, Tieren, Realien usw. enth\u00e4lt es Landschaftsbilder, interessante Szenen aus dem Gesellschafts- und Familienleben, Verkehrswesen, exotische V\u00f6lker usw. &#8222;Diese &#8218;Staubschen Bilderb\u00fccher&#8216; scheinen mit ein letzter Versuch das Weltall nochmals f\u00fcr Kinder zwischen zwei Buchdeckeln einzufangen&#8220;. (B. H\u00fcrlimann). &#8211; Hier eine Sammlung wohl aus dem 1. und 2. Teil vorliegend, mit den sehr anschaulichen Tafeln. Diese zeigen Zimmerger\u00e4te, K\u00fcchenger\u00e4te und Tischgeschirr, Feldger\u00e4te, Musikinstrumente, Werkzeuge, Hausv\u00f6gel u.v.a. &#8211; Titel in Kopie, die Tafeln nummeriert 1-12 und 19 &#8211; 23, von Tafel 10 fehlt die linke H\u00e4lfte, linke H\u00e4lfte von Tafel 5 verbunden, Tafeln teils im Falz mit Resten von Klebung; Kanten berieben, Buchblock teils gel\u00f6st. &#8211; Trotz der M\u00e4ngel noch brauchbar. &#8211; Seeba\u00df II, 1959.<\/p>\n","protected":false},"featured_media":22703,"template":"","meta":[],"product_brand":[],"product_cat":[289,60,914],"product_tag":[],"class_list":{"0":"post-7879","1":"product","2":"type-product","3":"status-publish","4":"has-post-thumbnail","6":"product_cat-bilderbuecher","7":"product_cat-kinderbuecher","8":"product_cat-zvab","10":"first","11":"instock","12":"purchasable","13":"product-type-simple"},"_links":{"self":[{"href":"https:\/\/antiquariat-steinbach.com\/rarebooks\/wp-json\/wp\/v2\/product\/7879","targetHints":{"allow":["GET"]}}],"collection":[{"href":"https:\/\/antiquariat-steinbach.com\/rarebooks\/wp-json\/wp\/v2\/product"}],"about":[{"href":"https:\/\/antiquariat-steinbach.com\/rarebooks\/wp-json\/wp\/v2\/types\/product"}],"version-history":[{"count":3,"href":"https:\/\/antiquariat-steinbach.com\/rarebooks\/wp-json\/wp\/v2\/product\/7879\/revisions"}],"predecessor-version":[{"id":21852,"href":"https:\/\/antiquariat-steinbach.com\/rarebooks\/wp-json\/wp\/v2\/product\/7879\/revisions\/21852"}],"wp:featuredmedia":[{"embeddable":true,"href":"https:\/\/antiquariat-steinbach.com\/rarebooks\/wp-json\/wp\/v2\/media\/22703"}],"wp:attachment":[{"href":"https:\/\/antiquariat-steinbach.com\/rarebooks\/wp-json\/wp\/v2\/media?parent=7879"}],"wp:term":[{"taxonomy":"product_brand","embeddable":true,"href":"https:\/\/antiquariat-steinbach.com\/rarebooks\/wp-json\/wp\/v2\/product_brand?post=7879"},{"taxonomy":"product_cat","embeddable":true,"href":"https:\/\/antiquariat-steinbach.com\/rarebooks\/wp-json\/wp\/v2\/product_cat?post=7879"},{"taxonomy":"product_tag","embeddable":true,"href":"https:\/\/antiquariat-steinbach.com\/rarebooks\/wp-json\/wp\/v2\/product_tag?post=7879"}],"curies":[{"name":"wp","href":"https:\/\/api.w.org\/{rel}","templated":true}]}}