{"id":7861,"date":"2026-03-12T00:22:58","date_gmt":"2026-03-11T23:22:58","guid":{"rendered":"http:\/\/antiquariat-steinbach.com\/rarebooks\/produkt\/fachkunde-im-fleischhauer-und-fleischselchergewerbe\/"},"modified":"2026-03-12T00:23:00","modified_gmt":"2026-03-11T23:23:00","slug":"spindler-fr-l-bausewein-u-a-fachkunde-im-fleischhauer-und-fleischselchergewerbe","status":"publish","type":"product","link":"https:\/\/antiquariat-steinbach.com\/rarebooks\/produkt\/spindler-fr-l-bausewein-u-a-fachkunde-im-fleischhauer-und-fleischselchergewerbe\/","title":{"rendered":"Spindler, Fr., L. Bausewein, u.a: &#8211;  Fachkunde im Fleischhauer- und Fleischselchergewerbe."},"content":{"rendered":"<p>Wien, 1931.<\/p>\n<p>24 : 18 cm. XV, 415 Seiten mit 120 Abbildungen, 2 (1 farbige) Tafeln. Original-Leinenband.<\/p>\n<p>50,00 EUR<\/p>\n","protected":false},"excerpt":{"rendered":"<p>Beschreibt die verschiedsenen Tierarten, ihren Ursprung, Zucht, Verarbeitung, genaue Bezeichnung der einzelnenn Teile des Tierk\u00f6rpers, aber auch \u00fcber die Krankheiten der Tiere, die gewerbsm\u00e4\u00dfige Zerteilung, die anfallenden Nebenprodukte etc. Eine gefaltete, farbige Tafel zeigt die Fleischsorten am Rind.<\/p>\n","protected":false},"featured_media":17627,"template":"","meta":[],"product_brand":[],"product_cat":[852,925,58,914],"product_tag":[],"class_list":{"0":"post-7861","1":"product","2":"type-product","3":"status-publish","4":"has-post-thumbnail","6":"product_cat-agrarwissensch","7":"product_cat-fleischerhandwerk","8":"product_cat-gastronomie","9":"product_cat-zvab","11":"first","12":"instock","13":"purchasable","14":"product-type-simple"},"_links":{"self":[{"href":"https:\/\/antiquariat-steinbach.com\/rarebooks\/wp-json\/wp\/v2\/product\/7861","targetHints":{"allow":["GET"]}}],"collection":[{"href":"https:\/\/antiquariat-steinbach.com\/rarebooks\/wp-json\/wp\/v2\/product"}],"about":[{"href":"https:\/\/antiquariat-steinbach.com\/rarebooks\/wp-json\/wp\/v2\/types\/product"}],"version-history":[{"count":3,"href":"https:\/\/antiquariat-steinbach.com\/rarebooks\/wp-json\/wp\/v2\/product\/7861\/revisions"}],"predecessor-version":[{"id":21835,"href":"https:\/\/antiquariat-steinbach.com\/rarebooks\/wp-json\/wp\/v2\/product\/7861\/revisions\/21835"}],"wp:featuredmedia":[{"embeddable":true,"href":"https:\/\/antiquariat-steinbach.com\/rarebooks\/wp-json\/wp\/v2\/media\/17627"}],"wp:attachment":[{"href":"https:\/\/antiquariat-steinbach.com\/rarebooks\/wp-json\/wp\/v2\/media?parent=7861"}],"wp:term":[{"taxonomy":"product_brand","embeddable":true,"href":"https:\/\/antiquariat-steinbach.com\/rarebooks\/wp-json\/wp\/v2\/product_brand?post=7861"},{"taxonomy":"product_cat","embeddable":true,"href":"https:\/\/antiquariat-steinbach.com\/rarebooks\/wp-json\/wp\/v2\/product_cat?post=7861"},{"taxonomy":"product_tag","embeddable":true,"href":"https:\/\/antiquariat-steinbach.com\/rarebooks\/wp-json\/wp\/v2\/product_tag?post=7861"}],"curies":[{"name":"wp","href":"https:\/\/api.w.org\/{rel}","templated":true}]}}