{"id":7833,"date":"2026-03-12T00:22:58","date_gmt":"2026-03-11T23:22:58","guid":{"rendered":"http:\/\/antiquariat-steinbach.com\/rarebooks\/produkt\/les-cesars-de-lempereur-julien-traduits-du-grec\/"},"modified":"2026-03-12T00:22:58","modified_gmt":"2026-03-11T23:22:58","slug":"spanheim-le-baron-de-les-cesars-de-lempereur-julien-traduits-du-grec","status":"publish","type":"product","link":"https:\/\/antiquariat-steinbach.com\/rarebooks\/produkt\/spanheim-le-baron-de-les-cesars-de-lempereur-julien-traduits-du-grec\/","title":{"rendered":"Spanheim, Le Baron de. &#8211;  Les Cesars de L&#8217;Empereur Julien, traduits du Grec."},"content":{"rendered":"<p>Amsterdam, L&#8217;Honor\u00e9, 1728.<\/p>\n<p>25,5 : 21 cm. Gestochenes Frontisp\u00fciec, Titel mit gestochenre Vignette, 3 Blatt, XLII, 286; 196 Seiten, 1 gefaltete Kupfertafel und \u00fcber 300 gestochenen Vignetten im Text. Lederband der Zeit mit reicher R\u00fcckenvergoldung, R\u00fcckenschild.<\/p>\n<p>340,00 EUR<\/p>\n","protected":false},"excerpt":{"rendered":"<p>Dritte Ausgabe des zuerst 1660 erschienen Werkes, der ersten gro\u00dfen numismatischen Abhandlung Ezechiel von Spanheims. &#8211; Einband teils berieben, R\u00fccken mit vereinzelten Wurmg\u00e4ngen; sonst sauberes, breitrandiges Exemplar, die Kupfer in kr\u00e4ftigen Abdrucken.<\/p>\n","protected":false},"featured_media":0,"template":"","meta":[],"product_brand":[],"product_cat":[151,104,850,324,914],"product_tag":[],"class_list":{"0":"post-7833","1":"product","2":"type-product","3":"status-publish","5":"product_cat-antike","6":"product_cat-italien","7":"product_cat-muenzen-griech","8":"product_cat-numismatik","9":"product_cat-zvab","11":"first","12":"instock","13":"purchasable","14":"product-type-simple"},"_links":{"self":[{"href":"https:\/\/antiquariat-steinbach.com\/rarebooks\/wp-json\/wp\/v2\/product\/7833","targetHints":{"allow":["GET"]}}],"collection":[{"href":"https:\/\/antiquariat-steinbach.com\/rarebooks\/wp-json\/wp\/v2\/product"}],"about":[{"href":"https:\/\/antiquariat-steinbach.com\/rarebooks\/wp-json\/wp\/v2\/types\/product"}],"version-history":[{"count":3,"href":"https:\/\/antiquariat-steinbach.com\/rarebooks\/wp-json\/wp\/v2\/product\/7833\/revisions"}],"predecessor-version":[{"id":21821,"href":"https:\/\/antiquariat-steinbach.com\/rarebooks\/wp-json\/wp\/v2\/product\/7833\/revisions\/21821"}],"wp:attachment":[{"href":"https:\/\/antiquariat-steinbach.com\/rarebooks\/wp-json\/wp\/v2\/media?parent=7833"}],"wp:term":[{"taxonomy":"product_brand","embeddable":true,"href":"https:\/\/antiquariat-steinbach.com\/rarebooks\/wp-json\/wp\/v2\/product_brand?post=7833"},{"taxonomy":"product_cat","embeddable":true,"href":"https:\/\/antiquariat-steinbach.com\/rarebooks\/wp-json\/wp\/v2\/product_cat?post=7833"},{"taxonomy":"product_tag","embeddable":true,"href":"https:\/\/antiquariat-steinbach.com\/rarebooks\/wp-json\/wp\/v2\/product_tag?post=7833"}],"curies":[{"name":"wp","href":"https:\/\/api.w.org\/{rel}","templated":true}]}}