{"id":7829,"date":"2026-03-12T00:22:56","date_gmt":"2026-03-11T23:22:56","guid":{"rendered":"http:\/\/antiquariat-steinbach.com\/rarebooks\/produkt\/versuch-ueber-das-kostuem-der-vorzueglichsten-voelker-des-alterthums-des-mittelalters-und-der-neueren-zeiten\/"},"modified":"2026-03-12T00:22:57","modified_gmt":"2026-03-11T23:22:57","slug":"spalart-robert-von-versuch-ueber-das-kostuem-der-vorzueglichsten-voelker-des-alterthums-des-mittelalters-und-der-neueren-zeiten","status":"publish","type":"product","link":"https:\/\/antiquariat-steinbach.com\/rarebooks\/produkt\/spalart-robert-von-versuch-ueber-das-kostuem-der-vorzueglichsten-voelker-des-alterthums-des-mittelalters-und-der-neueren-zeiten\/","title":{"rendered":"Spalart, Robert von: &#8211;  Versuch \u00fcber das Kost\u00fcm der vorz\u00fcglichsten V\u00f6lker des Alterthums, des Mittelalters und der neueren Zeiten."},"content":{"rendered":"<p>Wien, Eder 1796 &#8211; 1801.<\/p>\n<p>5 volumes. 21 : 13,5 cm. With 180 handcoloured, engraved plates. Contemporary half calf, spine richly gilt, back label.<\/p>\n<p>1450,00 EUR<\/p>\n","protected":false},"excerpt":{"rendered":"<p>Complete set of the customs ofthe world from ancient times until newer times. Very clean copy in a decorative binding.<\/p>\n","protected":false},"featured_media":17621,"template":"","meta":[],"product_brand":[],"product_cat":[59,705,121,914],"product_tag":[],"class_list":{"0":"post-7829","1":"product","2":"type-product","3":"status-publish","4":"has-post-thumbnail","6":"product_cat-kulturgeschichte","7":"product_cat-lexika","8":"product_cat-mode","9":"product_cat-zvab","11":"first","12":"instock","13":"purchasable","14":"product-type-simple"},"_links":{"self":[{"href":"https:\/\/antiquariat-steinbach.com\/rarebooks\/wp-json\/wp\/v2\/product\/7829","targetHints":{"allow":["GET"]}}],"collection":[{"href":"https:\/\/antiquariat-steinbach.com\/rarebooks\/wp-json\/wp\/v2\/product"}],"about":[{"href":"https:\/\/antiquariat-steinbach.com\/rarebooks\/wp-json\/wp\/v2\/types\/product"}],"version-history":[{"count":3,"href":"https:\/\/antiquariat-steinbach.com\/rarebooks\/wp-json\/wp\/v2\/product\/7829\/revisions"}],"predecessor-version":[{"id":21819,"href":"https:\/\/antiquariat-steinbach.com\/rarebooks\/wp-json\/wp\/v2\/product\/7829\/revisions\/21819"}],"wp:featuredmedia":[{"embeddable":true,"href":"https:\/\/antiquariat-steinbach.com\/rarebooks\/wp-json\/wp\/v2\/media\/17621"}],"wp:attachment":[{"href":"https:\/\/antiquariat-steinbach.com\/rarebooks\/wp-json\/wp\/v2\/media?parent=7829"}],"wp:term":[{"taxonomy":"product_brand","embeddable":true,"href":"https:\/\/antiquariat-steinbach.com\/rarebooks\/wp-json\/wp\/v2\/product_brand?post=7829"},{"taxonomy":"product_cat","embeddable":true,"href":"https:\/\/antiquariat-steinbach.com\/rarebooks\/wp-json\/wp\/v2\/product_cat?post=7829"},{"taxonomy":"product_tag","embeddable":true,"href":"https:\/\/antiquariat-steinbach.com\/rarebooks\/wp-json\/wp\/v2\/product_tag?post=7829"}],"curies":[{"name":"wp","href":"https:\/\/api.w.org\/{rel}","templated":true}]}}