{"id":7797,"date":"2026-03-12T00:22:53","date_gmt":"2026-03-11T23:22:53","guid":{"rendered":"http:\/\/antiquariat-steinbach.com\/rarebooks\/produkt\/prinzregent-luitpold\/"},"modified":"2026-03-12T00:22:54","modified_gmt":"2026-03-11T23:22:54","slug":"slevogt-max-prinzregent-luitpold-2","status":"publish","type":"product","link":"https:\/\/antiquariat-steinbach.com\/rarebooks\/produkt\/slevogt-max-prinzregent-luitpold-2\/","title":{"rendered":"Slevogt, Max: &#8211;  Prinzregent Luitpold."},"content":{"rendered":"<p>Berlin, Cassirer 1918.<\/p>\n<p>39 : 29 cm. 2 Blatt 11 farbige Tafeln von Max Slevogt. Original-Leinenmappe.<\/p>\n<p>210,00 EUR<\/p>\n","protected":false},"excerpt":{"rendered":"<p>Die Mappe vereinigt Aquarelle von Max Slevogt, die dieser im Sommer 1909 geschaffen hat, als der K\u00fcnstler beim Prinzregenten Luitpold auf Hohenschwangau zu Gast war. Die Bl\u00e4tter zeigen meist duftige Landschaftsstudien neben einigen Portr\u00e4ts. Alle Tafeln unter Passepartout. &#8211; R\u00fcmann 72.<\/p>\n","protected":false},"featured_media":22838,"template":"","meta":[],"product_brand":[],"product_cat":[29,43,914],"product_tag":[],"class_list":{"0":"post-7797","1":"product","2":"type-product","3":"status-publish","4":"has-post-thumbnail","6":"product_cat-20-jahrhundert","7":"product_cat-illustrierte-buecher","8":"product_cat-zvab","10":"first","11":"instock","12":"purchasable","13":"product-type-simple"},"_links":{"self":[{"href":"https:\/\/antiquariat-steinbach.com\/rarebooks\/wp-json\/wp\/v2\/product\/7797","targetHints":{"allow":["GET"]}}],"collection":[{"href":"https:\/\/antiquariat-steinbach.com\/rarebooks\/wp-json\/wp\/v2\/product"}],"about":[{"href":"https:\/\/antiquariat-steinbach.com\/rarebooks\/wp-json\/wp\/v2\/types\/product"}],"version-history":[{"count":3,"href":"https:\/\/antiquariat-steinbach.com\/rarebooks\/wp-json\/wp\/v2\/product\/7797\/revisions"}],"predecessor-version":[{"id":21806,"href":"https:\/\/antiquariat-steinbach.com\/rarebooks\/wp-json\/wp\/v2\/product\/7797\/revisions\/21806"}],"wp:featuredmedia":[{"embeddable":true,"href":"https:\/\/antiquariat-steinbach.com\/rarebooks\/wp-json\/wp\/v2\/media\/22838"}],"wp:attachment":[{"href":"https:\/\/antiquariat-steinbach.com\/rarebooks\/wp-json\/wp\/v2\/media?parent=7797"}],"wp:term":[{"taxonomy":"product_brand","embeddable":true,"href":"https:\/\/antiquariat-steinbach.com\/rarebooks\/wp-json\/wp\/v2\/product_brand?post=7797"},{"taxonomy":"product_cat","embeddable":true,"href":"https:\/\/antiquariat-steinbach.com\/rarebooks\/wp-json\/wp\/v2\/product_cat?post=7797"},{"taxonomy":"product_tag","embeddable":true,"href":"https:\/\/antiquariat-steinbach.com\/rarebooks\/wp-json\/wp\/v2\/product_tag?post=7797"}],"curies":[{"name":"wp","href":"https:\/\/api.w.org\/{rel}","templated":true}]}}