{"id":7793,"date":"2026-03-12T00:22:53","date_gmt":"2026-03-11T23:22:53","guid":{"rendered":"http:\/\/antiquariat-steinbach.com\/rarebooks\/produkt\/gesichte\/"},"modified":"2026-03-12T00:22:54","modified_gmt":"2026-03-11T23:22:54","slug":"slevogt-max-gesichte","status":"publish","type":"product","link":"https:\/\/antiquariat-steinbach.com\/rarebooks\/produkt\/slevogt-max-gesichte\/","title":{"rendered":"Slevogt, Max: &#8211;  Gesichte."},"content":{"rendered":"<p>(Berlin), Pan-Presse (R. Hoberg und H. S\u00fclfing) 1917.<\/p>\n<p>55 : 41 cm. Lithographierter Titel und 21 signierte Original-Kreidelithographien und Zinkdrucke von Max Slevogt. Illustrierte Original-Halbleinen-Mappe.<\/p>\n<p>4800,00 EUR<\/p>\n","protected":false},"excerpt":{"rendered":"<p>Privatdruck in nur 50 Exemplaren erschienen. Auf B\u00fctten, alle Original-Lithographien vom K\u00fcnstler mit Bleistift signiert. &#8211; Vorderer Innendeckel mit Exlibris Carl Beyer. &#8211; R\u00fcmann 23.<\/p>\n","protected":false},"featured_media":18107,"template":"","meta":[],"product_brand":[],"product_cat":[29,43,914],"product_tag":[],"class_list":{"0":"post-7793","1":"product","2":"type-product","3":"status-publish","4":"has-post-thumbnail","6":"product_cat-20-jahrhundert","7":"product_cat-illustrierte-buecher","8":"product_cat-zvab","10":"first","11":"instock","12":"purchasable","13":"product-type-simple"},"_links":{"self":[{"href":"https:\/\/antiquariat-steinbach.com\/rarebooks\/wp-json\/wp\/v2\/product\/7793","targetHints":{"allow":["GET"]}}],"collection":[{"href":"https:\/\/antiquariat-steinbach.com\/rarebooks\/wp-json\/wp\/v2\/product"}],"about":[{"href":"https:\/\/antiquariat-steinbach.com\/rarebooks\/wp-json\/wp\/v2\/types\/product"}],"version-history":[{"count":3,"href":"https:\/\/antiquariat-steinbach.com\/rarebooks\/wp-json\/wp\/v2\/product\/7793\/revisions"}],"predecessor-version":[{"id":21803,"href":"https:\/\/antiquariat-steinbach.com\/rarebooks\/wp-json\/wp\/v2\/product\/7793\/revisions\/21803"}],"wp:featuredmedia":[{"embeddable":true,"href":"https:\/\/antiquariat-steinbach.com\/rarebooks\/wp-json\/wp\/v2\/media\/18107"}],"wp:attachment":[{"href":"https:\/\/antiquariat-steinbach.com\/rarebooks\/wp-json\/wp\/v2\/media?parent=7793"}],"wp:term":[{"taxonomy":"product_brand","embeddable":true,"href":"https:\/\/antiquariat-steinbach.com\/rarebooks\/wp-json\/wp\/v2\/product_brand?post=7793"},{"taxonomy":"product_cat","embeddable":true,"href":"https:\/\/antiquariat-steinbach.com\/rarebooks\/wp-json\/wp\/v2\/product_cat?post=7793"},{"taxonomy":"product_tag","embeddable":true,"href":"https:\/\/antiquariat-steinbach.com\/rarebooks\/wp-json\/wp\/v2\/product_tag?post=7793"}],"curies":[{"name":"wp","href":"https:\/\/api.w.org\/{rel}","templated":true}]}}