{"id":779,"date":"2026-03-12T00:00:53","date_gmt":"2026-03-11T23:00:53","guid":{"rendered":"http:\/\/antiquariat-steinbach.com\/rarebooks\/produkt\/autograph-contract-signed-n-p-april-1897\/"},"modified":"2026-03-12T00:00:55","modified_gmt":"2026-03-11T23:00:55","slug":"autograph-schmid-julius-painter-and-craftsman-1854-1935-autograph-contract-signed-n-p-april-1897","status":"publish","type":"product","link":"https:\/\/antiquariat-steinbach.com\/rarebooks\/produkt\/autograph-schmid-julius-painter-and-craftsman-1854-1935-autograph-contract-signed-n-p-april-1897\/","title":{"rendered":"Autograph &#8211;   Schmid, Julius. Painter and Craftsman. (1854-1935). &#8211;  Autograph contract, signed. N.p. (April 1897)."},"content":{"rendered":"<p>1897.<\/p>\n<p>30 : 23 cm. 2 pages on double leaf.<\/p>\n<p>50,00 EUR<\/p>\n","protected":false},"excerpt":{"rendered":"<p>Contract about the transfer of &#8222;alleinigen, uneingeschr\u00e4nkten und noch v\u00f6llig unbegebenen Vervielf\u00e4ltigungsrechtes seines im Besitz der Stadt Wien befindlichen Gem\u00e4ldes: Ein Schubertabend in einem Wiener B\u00fcrgerhaus&#8220; to the Gesellschaft f\u00fcr vervielf\u00e4ltigende Kunst in Vienna. &#8211; With revenue stamps. On the inside mounted another contract dated 8.VI.1898, saying that the mentioned right partially will be transfferred to the Xylographic Art Institute H. Gedan. &#8211; Edges with damages, same tears pasted over.<\/p>\n","protected":false},"featured_media":0,"template":"","meta":[],"product_brand":[],"product_cat":[186,30,144,914],"product_tag":[],"class_list":{"0":"post-779","1":"product","2":"type-product","3":"status-publish","5":"product_cat-autographen","6":"product_cat-malerei","7":"product_cat-musik","8":"product_cat-zvab","10":"first","11":"instock","12":"purchasable","13":"product-type-simple"},"_links":{"self":[{"href":"https:\/\/antiquariat-steinbach.com\/rarebooks\/wp-json\/wp\/v2\/product\/779","targetHints":{"allow":["GET"]}}],"collection":[{"href":"https:\/\/antiquariat-steinbach.com\/rarebooks\/wp-json\/wp\/v2\/product"}],"about":[{"href":"https:\/\/antiquariat-steinbach.com\/rarebooks\/wp-json\/wp\/v2\/types\/product"}],"version-history":[{"count":3,"href":"https:\/\/antiquariat-steinbach.com\/rarebooks\/wp-json\/wp\/v2\/product\/779\/revisions"}],"predecessor-version":[{"id":18575,"href":"https:\/\/antiquariat-steinbach.com\/rarebooks\/wp-json\/wp\/v2\/product\/779\/revisions\/18575"}],"wp:attachment":[{"href":"https:\/\/antiquariat-steinbach.com\/rarebooks\/wp-json\/wp\/v2\/media?parent=779"}],"wp:term":[{"taxonomy":"product_brand","embeddable":true,"href":"https:\/\/antiquariat-steinbach.com\/rarebooks\/wp-json\/wp\/v2\/product_brand?post=779"},{"taxonomy":"product_cat","embeddable":true,"href":"https:\/\/antiquariat-steinbach.com\/rarebooks\/wp-json\/wp\/v2\/product_cat?post=779"},{"taxonomy":"product_tag","embeddable":true,"href":"https:\/\/antiquariat-steinbach.com\/rarebooks\/wp-json\/wp\/v2\/product_tag?post=779"}],"curies":[{"name":"wp","href":"https:\/\/api.w.org\/{rel}","templated":true}]}}