{"id":7781,"date":"2026-03-12T00:22:51","date_gmt":"2026-03-11T23:22:51","guid":{"rendered":"http:\/\/antiquariat-steinbach.com\/rarebooks\/produkt\/aquarelle-zu-mozarts-zauberfloete\/"},"modified":"2026-03-12T00:22:53","modified_gmt":"2026-03-11T23:22:53","slug":"slevogt-max-aquarelle-zu-mozarts-zauberfloete","status":"publish","type":"product","link":"https:\/\/antiquariat-steinbach.com\/rarebooks\/produkt\/slevogt-max-aquarelle-zu-mozarts-zauberfloete\/","title":{"rendered":"Slevogt, Max: &#8211;  Aquarelle zu Mozarts Zauberfl\u00f6te."},"content":{"rendered":"<p>M\u00fcnchen, Mar\u00e9es-Gesellschaft 1920.<\/p>\n<p>38 : 28,5 cm. 6 leafs text Illustrated titlepage and 14 coloured mounted plates by Max Slevogt. Original-velum portfolio.<\/p>\n<p>950,00 EUR<\/p>\n","protected":false},"excerpt":{"rendered":"<p>One of 65 numbered copies of the deluxe-edition printed on Gelder-B\u00fctten and bound in full vellum. Slevogts congenial illustrations to Mozarts Zauberfl\u00f6te in perfect reproductions, all under Passepartout. 25. print of the Mar\u00e9es-Gesellschaft. With the additional text-issue with two coloured illustrations. &#8211; Portfolio a bit dusty, a nice copy. &#8211; R\u00fcmann 66 a.<\/p>\n","protected":false},"featured_media":22836,"template":"","meta":[],"product_brand":[],"product_cat":[29,43,437,144,847,914],"product_tag":[],"class_list":{"0":"post-7781","1":"product","2":"type-product","3":"status-publish","4":"has-post-thumbnail","6":"product_cat-20-jahrhundert","7":"product_cat-illustrierte-buecher","8":"product_cat-max","9":"product_cat-musik","10":"product_cat-slevogt","11":"product_cat-zvab","13":"first","14":"instock","15":"purchasable","16":"product-type-simple"},"_links":{"self":[{"href":"https:\/\/antiquariat-steinbach.com\/rarebooks\/wp-json\/wp\/v2\/product\/7781","targetHints":{"allow":["GET"]}}],"collection":[{"href":"https:\/\/antiquariat-steinbach.com\/rarebooks\/wp-json\/wp\/v2\/product"}],"about":[{"href":"https:\/\/antiquariat-steinbach.com\/rarebooks\/wp-json\/wp\/v2\/types\/product"}],"version-history":[{"count":3,"href":"https:\/\/antiquariat-steinbach.com\/rarebooks\/wp-json\/wp\/v2\/product\/7781\/revisions"}],"predecessor-version":[{"id":21798,"href":"https:\/\/antiquariat-steinbach.com\/rarebooks\/wp-json\/wp\/v2\/product\/7781\/revisions\/21798"}],"wp:featuredmedia":[{"embeddable":true,"href":"https:\/\/antiquariat-steinbach.com\/rarebooks\/wp-json\/wp\/v2\/media\/22836"}],"wp:attachment":[{"href":"https:\/\/antiquariat-steinbach.com\/rarebooks\/wp-json\/wp\/v2\/media?parent=7781"}],"wp:term":[{"taxonomy":"product_brand","embeddable":true,"href":"https:\/\/antiquariat-steinbach.com\/rarebooks\/wp-json\/wp\/v2\/product_brand?post=7781"},{"taxonomy":"product_cat","embeddable":true,"href":"https:\/\/antiquariat-steinbach.com\/rarebooks\/wp-json\/wp\/v2\/product_cat?post=7781"},{"taxonomy":"product_tag","embeddable":true,"href":"https:\/\/antiquariat-steinbach.com\/rarebooks\/wp-json\/wp\/v2\/product_tag?post=7781"}],"curies":[{"name":"wp","href":"https:\/\/api.w.org\/{rel}","templated":true}]}}