{"id":7773,"date":"2026-03-12T00:22:51","date_gmt":"2026-03-11T23:22:51","guid":{"rendered":"http:\/\/antiquariat-steinbach.com\/rarebooks\/produkt\/die-tapferen-10-000\/"},"modified":"2026-03-12T00:22:52","modified_gmt":"2026-03-11T23:22:52","slug":"slevogt-witt-c-die-tapferen-10-000-2","status":"publish","type":"product","link":"https:\/\/antiquariat-steinbach.com\/rarebooks\/produkt\/slevogt-witt-c-die-tapferen-10-000-2\/","title":{"rendered":"Slevogt &#8211;   Witt, C: &#8211;  Die tapferen 10 000."},"content":{"rendered":"<p>Berlin, Bruno Cassirer (1921).<\/p>\n<p>31,5 : 23,5 cm. 4 Blatt, 157 Seiten, 1 Blatt mit 33 Original-Federlithographien von Max Slevogt. Original-Halbpergamentband mit Lithographie von Slevogt auf dem Vorderdeckel, R\u00fcckenschild, Kopfgoldschnitt.<\/p>\n<p>378,00 EUR<\/p>\n","protected":false},"excerpt":{"rendered":"<p>Eines von 400 numerierten Exemplaren der Vorzugsausgabe auf B\u00fctten. Druckvermerk von Slevogt signiert. Sch\u00f6nes Exemplar. &#8211; R\u00fcmann 109 a; S\u00f6hn 347-380.<\/p>\n","protected":false},"featured_media":17611,"template":"","meta":[],"product_brand":[],"product_cat":[29,43,914],"product_tag":[],"class_list":{"0":"post-7773","1":"product","2":"type-product","3":"status-publish","4":"has-post-thumbnail","6":"product_cat-20-jahrhundert","7":"product_cat-illustrierte-buecher","8":"product_cat-zvab","10":"first","11":"instock","12":"purchasable","13":"product-type-simple"},"_links":{"self":[{"href":"https:\/\/antiquariat-steinbach.com\/rarebooks\/wp-json\/wp\/v2\/product\/7773","targetHints":{"allow":["GET"]}}],"collection":[{"href":"https:\/\/antiquariat-steinbach.com\/rarebooks\/wp-json\/wp\/v2\/product"}],"about":[{"href":"https:\/\/antiquariat-steinbach.com\/rarebooks\/wp-json\/wp\/v2\/types\/product"}],"version-history":[{"count":3,"href":"https:\/\/antiquariat-steinbach.com\/rarebooks\/wp-json\/wp\/v2\/product\/7773\/revisions"}],"predecessor-version":[{"id":21795,"href":"https:\/\/antiquariat-steinbach.com\/rarebooks\/wp-json\/wp\/v2\/product\/7773\/revisions\/21795"}],"wp:featuredmedia":[{"embeddable":true,"href":"https:\/\/antiquariat-steinbach.com\/rarebooks\/wp-json\/wp\/v2\/media\/17611"}],"wp:attachment":[{"href":"https:\/\/antiquariat-steinbach.com\/rarebooks\/wp-json\/wp\/v2\/media?parent=7773"}],"wp:term":[{"taxonomy":"product_brand","embeddable":true,"href":"https:\/\/antiquariat-steinbach.com\/rarebooks\/wp-json\/wp\/v2\/product_brand?post=7773"},{"taxonomy":"product_cat","embeddable":true,"href":"https:\/\/antiquariat-steinbach.com\/rarebooks\/wp-json\/wp\/v2\/product_cat?post=7773"},{"taxonomy":"product_tag","embeddable":true,"href":"https:\/\/antiquariat-steinbach.com\/rarebooks\/wp-json\/wp\/v2\/product_tag?post=7773"}],"curies":[{"name":"wp","href":"https:\/\/api.w.org\/{rel}","templated":true}]}}