{"id":7771,"date":"2026-03-12T00:22:51","date_gmt":"2026-03-11T23:22:51","guid":{"rendered":"http:\/\/antiquariat-steinbach.com\/rarebooks\/produkt\/die-goldene-kugel\/"},"modified":"2026-03-12T00:22:52","modified_gmt":"2026-03-11T23:22:52","slug":"slevogt-wichert-fritz-die-goldene-kugel","status":"publish","type":"product","link":"https:\/\/antiquariat-steinbach.com\/rarebooks\/produkt\/slevogt-wichert-fritz-die-goldene-kugel\/","title":{"rendered":"Slevogt &#8211;   Wichert, Fritz: &#8211;  Die goldene Kugel."},"content":{"rendered":"<p>M\u00fcnchen, Bruckmann (1920).<\/p>\n<p>26 : 21 cm. 57 Seiten mit 17 Original-Lithographien von Max Slevogt. Illustrierter Original-Halbpergamentband mit Deckelillustration von Slevogt.<\/p>\n<p>280,00 EUR<\/p>\n","protected":false},"excerpt":{"rendered":"<p>Eines von 200 numerierten Exemplaren auf B\u00fctten. Druckvermerk vom K\u00fcnstler signiert. &#8211; Sch\u00f6nes Exemplar. &#8211; R\u00fcmann 108 c; S\u00f6hn 227 &#8211; 293 a.<\/p>\n","protected":false},"featured_media":22668,"template":"","meta":[],"product_brand":[],"product_cat":[29,43,137,914],"product_tag":[],"class_list":{"0":"post-7771","1":"product","2":"type-product","3":"status-publish","4":"has-post-thumbnail","6":"product_cat-20-jahrhundert","7":"product_cat-illustrierte-buecher","8":"product_cat-maerchen","9":"product_cat-zvab","11":"first","12":"instock","13":"purchasable","14":"product-type-simple"},"_links":{"self":[{"href":"https:\/\/antiquariat-steinbach.com\/rarebooks\/wp-json\/wp\/v2\/product\/7771","targetHints":{"allow":["GET"]}}],"collection":[{"href":"https:\/\/antiquariat-steinbach.com\/rarebooks\/wp-json\/wp\/v2\/product"}],"about":[{"href":"https:\/\/antiquariat-steinbach.com\/rarebooks\/wp-json\/wp\/v2\/types\/product"}],"version-history":[{"count":3,"href":"https:\/\/antiquariat-steinbach.com\/rarebooks\/wp-json\/wp\/v2\/product\/7771\/revisions"}],"predecessor-version":[{"id":21793,"href":"https:\/\/antiquariat-steinbach.com\/rarebooks\/wp-json\/wp\/v2\/product\/7771\/revisions\/21793"}],"wp:featuredmedia":[{"embeddable":true,"href":"https:\/\/antiquariat-steinbach.com\/rarebooks\/wp-json\/wp\/v2\/media\/22668"}],"wp:attachment":[{"href":"https:\/\/antiquariat-steinbach.com\/rarebooks\/wp-json\/wp\/v2\/media?parent=7771"}],"wp:term":[{"taxonomy":"product_brand","embeddable":true,"href":"https:\/\/antiquariat-steinbach.com\/rarebooks\/wp-json\/wp\/v2\/product_brand?post=7771"},{"taxonomy":"product_cat","embeddable":true,"href":"https:\/\/antiquariat-steinbach.com\/rarebooks\/wp-json\/wp\/v2\/product_cat?post=7771"},{"taxonomy":"product_tag","embeddable":true,"href":"https:\/\/antiquariat-steinbach.com\/rarebooks\/wp-json\/wp\/v2\/product_tag?post=7771"}],"curies":[{"name":"wp","href":"https:\/\/api.w.org\/{rel}","templated":true}]}}