{"id":7757,"date":"2026-03-12T00:10:47","date_gmt":"2026-03-11T23:10:47","guid":{"rendered":"http:\/\/antiquariat-steinbach.com\/rarebooks\/produkt\/tulifaentchen\/"},"modified":"2026-03-12T00:10:48","modified_gmt":"2026-03-11T23:10:48","slug":"il-slevogt-immermann-karl-tulifaentchen","status":"publish","type":"product","link":"https:\/\/antiquariat-steinbach.com\/rarebooks\/produkt\/il-slevogt-immermann-karl-tulifaentchen\/","title":{"rendered":"IL &#8211; Slevogt &#8211;   Immermann, Karl: &#8211;  Tulif\u00e4ntchen."},"content":{"rendered":"<p>Berlin, Propyl\u00e4en 1923.<\/p>\n<p>24 : 17,6 cm. 166 Seiten, 1 Blatt mit 20 (12 ganzseitigen) Original-Radierungen, sowie einer Extra-Suite von 20 signierten Original-Radierungen auf Japan von Max Slevogt. Olivgr\u00fcner Original-Maroquinband mit goldgepr\u00e4gtem R\u00fcckentitel und R\u00fcckenvergoldung, vorgoldete Deckelvignette, Kopfgoldschnitt, Schuber.<\/p>\n<p>1500,00 EUR<\/p>\n","protected":false},"excerpt":{"rendered":"<p>Eines von 100 nummerierten Exemplaren der Vorzugsausgabe, mit der Extrasuite der signierten Original-Radierungen von Slevogt auf Japan, eingebunden. Die Radierungen von O. Felsing gedruckt. &#8211; R\u00fccken etwas nachgedunckelt, sonst sch\u00f6nes, unbeschnittenes Exemplar. &#8211; Ehemals Sammlung Haider, mit dessen Stempel im vorderen Innendeckel. &#8211;  R\u00fcmann 47 a; S\u00f6hn 572 &#8211; 591a.<\/p>\n","protected":false},"featured_media":17609,"template":"","meta":[],"product_brand":[],"product_cat":[29,43,32,914],"product_tag":[],"class_list":{"0":"post-7757","1":"product","2":"type-product","3":"status-publish","4":"has-post-thumbnail","6":"product_cat-20-jahrhundert","7":"product_cat-illustrierte-buecher","8":"product_cat-literatur","9":"product_cat-zvab","11":"first","12":"instock","13":"purchasable","14":"product-type-simple"},"_links":{"self":[{"href":"https:\/\/antiquariat-steinbach.com\/rarebooks\/wp-json\/wp\/v2\/product\/7757","targetHints":{"allow":["GET"]}}],"collection":[{"href":"https:\/\/antiquariat-steinbach.com\/rarebooks\/wp-json\/wp\/v2\/product"}],"about":[{"href":"https:\/\/antiquariat-steinbach.com\/rarebooks\/wp-json\/wp\/v2\/types\/product"}],"version-history":[{"count":4,"href":"https:\/\/antiquariat-steinbach.com\/rarebooks\/wp-json\/wp\/v2\/product\/7757\/revisions"}],"predecessor-version":[{"id":28756,"href":"https:\/\/antiquariat-steinbach.com\/rarebooks\/wp-json\/wp\/v2\/product\/7757\/revisions\/28756"}],"wp:featuredmedia":[{"embeddable":true,"href":"https:\/\/antiquariat-steinbach.com\/rarebooks\/wp-json\/wp\/v2\/media\/17609"}],"wp:attachment":[{"href":"https:\/\/antiquariat-steinbach.com\/rarebooks\/wp-json\/wp\/v2\/media?parent=7757"}],"wp:term":[{"taxonomy":"product_brand","embeddable":true,"href":"https:\/\/antiquariat-steinbach.com\/rarebooks\/wp-json\/wp\/v2\/product_brand?post=7757"},{"taxonomy":"product_cat","embeddable":true,"href":"https:\/\/antiquariat-steinbach.com\/rarebooks\/wp-json\/wp\/v2\/product_cat?post=7757"},{"taxonomy":"product_tag","embeddable":true,"href":"https:\/\/antiquariat-steinbach.com\/rarebooks\/wp-json\/wp\/v2\/product_tag?post=7757"}],"curies":[{"name":"wp","href":"https:\/\/api.w.org\/{rel}","templated":true}]}}