{"id":7751,"date":"2026-03-12T00:22:50","date_gmt":"2026-03-11T23:22:50","guid":{"rendered":"http:\/\/antiquariat-steinbach.com\/rarebooks\/produkt\/max-slevogt-gemaelde-auqrelle-zeichnungen\/"},"modified":"2026-03-12T00:22:51","modified_gmt":"2026-03-11T23:22:51","slug":"slevogt-guese-ernst-gerhardt-hans-juergen-imiela-berthold-roland-editors-max-slevogt-gemaelde-auqrelle-zeichnungen","status":"publish","type":"product","link":"https:\/\/antiquariat-steinbach.com\/rarebooks\/produkt\/slevogt-guese-ernst-gerhardt-hans-juergen-imiela-berthold-roland-editors-max-slevogt-gemaelde-auqrelle-zeichnungen\/","title":{"rendered":"Slevogt &#8211;   G\u00fcse, Ernst-Gerhardt &#8211; Hans-J\u00fcrgen Imiela &#8211; Berthold Roland (editors). &#8211;  Max Slevogt. Gem\u00e4lde &#8211; Auqrelle &#8211; Zeichnungen."},"content":{"rendered":"<p>Stuttgart, Hatje, 1992.<\/p>\n<p>30 : 24 cm.  544 pages with 385 partly coloured plates and illustrations and 60 b\/w illustrations. Coloured, illustated original boards.<\/p>\n<p>120,00 EUR<\/p>\n","protected":false},"excerpt":{"rendered":"<p>One of the most extensive catalogues ob life and work of Max Slevogt. Edited by the most well known experts on Slevogt. With biography and bibliography.<\/p>\n","protected":false},"featured_media":17607,"template":"","meta":[],"product_brand":[],"product_cat":[40,30,437,847,101,914],"product_tag":[],"class_list":{"0":"post-7751","1":"product","2":"type-product","3":"status-publish","4":"has-post-thumbnail","6":"product_cat-kuenstlermonographien","7":"product_cat-malerei","8":"product_cat-max","9":"product_cat-slevogt","10":"product_cat-werkverzeichnis","11":"product_cat-zvab","13":"first","14":"instock","15":"purchasable","16":"product-type-simple"},"_links":{"self":[{"href":"https:\/\/antiquariat-steinbach.com\/rarebooks\/wp-json\/wp\/v2\/product\/7751","targetHints":{"allow":["GET"]}}],"collection":[{"href":"https:\/\/antiquariat-steinbach.com\/rarebooks\/wp-json\/wp\/v2\/product"}],"about":[{"href":"https:\/\/antiquariat-steinbach.com\/rarebooks\/wp-json\/wp\/v2\/types\/product"}],"version-history":[{"count":3,"href":"https:\/\/antiquariat-steinbach.com\/rarebooks\/wp-json\/wp\/v2\/product\/7751\/revisions"}],"predecessor-version":[{"id":21785,"href":"https:\/\/antiquariat-steinbach.com\/rarebooks\/wp-json\/wp\/v2\/product\/7751\/revisions\/21785"}],"wp:featuredmedia":[{"embeddable":true,"href":"https:\/\/antiquariat-steinbach.com\/rarebooks\/wp-json\/wp\/v2\/media\/17607"}],"wp:attachment":[{"href":"https:\/\/antiquariat-steinbach.com\/rarebooks\/wp-json\/wp\/v2\/media?parent=7751"}],"wp:term":[{"taxonomy":"product_brand","embeddable":true,"href":"https:\/\/antiquariat-steinbach.com\/rarebooks\/wp-json\/wp\/v2\/product_brand?post=7751"},{"taxonomy":"product_cat","embeddable":true,"href":"https:\/\/antiquariat-steinbach.com\/rarebooks\/wp-json\/wp\/v2\/product_cat?post=7751"},{"taxonomy":"product_tag","embeddable":true,"href":"https:\/\/antiquariat-steinbach.com\/rarebooks\/wp-json\/wp\/v2\/product_tag?post=7751"}],"curies":[{"name":"wp","href":"https:\/\/api.w.org\/{rel}","templated":true}]}}