{"id":773,"date":"2026-04-18T00:00:37","date_gmt":"2026-04-17T22:00:37","guid":{"rendered":"http:\/\/antiquariat-steinbach.com\/rarebooks\/produkt\/autograph-letter-signed-n-p-5-v-1913\/"},"modified":"2026-04-18T00:00:53","modified_gmt":"2026-04-17T22:00:53","slug":"autograph-philippi-robert-painter-and-grahic-artist-1877-1959-autograph-letter-signed-n-p-5-v-1913","status":"publish","type":"product","link":"https:\/\/antiquariat-steinbach.com\/rarebooks\/produkt\/autograph-philippi-robert-painter-and-grahic-artist-1877-1959-autograph-letter-signed-n-p-5-v-1913\/","title":{"rendered":"Autograph &#8211;   Philippi, Robert. Painter and grahic artist (1877-1959). &#8211;  Autograph letter, signed. n.p. 5.V.1913."},"content":{"rendered":"<p>1913.<\/p>\n<p>17,5 : 13 cm. 1 page on double leaf.<\/p>\n<p>100,00 EUR<\/p>\n","protected":false},"excerpt":{"rendered":"<p>To an imperial counceler, that is Martin Gerlach sen. from Buch- und Kunstverlag Gerlach &#038; Wiedling: &#8222;Ich dachte immer, dass ich das Probebild zu dem M\u00e4rchen &#8218;Tausend und eine Nacht&#8216; nach einer f\u00fcr Ihren Verlag bearbeiteten Ausgabe w\u00e4hlen sollte. Die Erz\u00e4hlung des &#8218;redenden Vogels&#8216; kann ich in der Originalausgabe nicht finden(&#8230;)&#8220;.<\/p>\n","protected":false},"featured_media":28893,"template":"","meta":[],"product_brand":[],"product_cat":[71,186,153,30,914],"product_tag":[],"class_list":{"0":"post-773","1":"product","2":"type-product","3":"status-publish","4":"has-post-thumbnail","6":"product_cat-austriaca","7":"product_cat-autographen","8":"product_cat-graphik","9":"product_cat-malerei","10":"product_cat-zvab","12":"first","13":"instock","14":"purchasable","15":"product-type-simple"},"_links":{"self":[{"href":"https:\/\/antiquariat-steinbach.com\/rarebooks\/wp-json\/wp\/v2\/product\/773","targetHints":{"allow":["GET"]}}],"collection":[{"href":"https:\/\/antiquariat-steinbach.com\/rarebooks\/wp-json\/wp\/v2\/product"}],"about":[{"href":"https:\/\/antiquariat-steinbach.com\/rarebooks\/wp-json\/wp\/v2\/types\/product"}],"version-history":[{"count":3,"href":"https:\/\/antiquariat-steinbach.com\/rarebooks\/wp-json\/wp\/v2\/product\/773\/revisions"}],"predecessor-version":[{"id":18572,"href":"https:\/\/antiquariat-steinbach.com\/rarebooks\/wp-json\/wp\/v2\/product\/773\/revisions\/18572"}],"wp:featuredmedia":[{"embeddable":true,"href":"https:\/\/antiquariat-steinbach.com\/rarebooks\/wp-json\/wp\/v2\/media\/28893"}],"wp:attachment":[{"href":"https:\/\/antiquariat-steinbach.com\/rarebooks\/wp-json\/wp\/v2\/media?parent=773"}],"wp:term":[{"taxonomy":"product_brand","embeddable":true,"href":"https:\/\/antiquariat-steinbach.com\/rarebooks\/wp-json\/wp\/v2\/product_brand?post=773"},{"taxonomy":"product_cat","embeddable":true,"href":"https:\/\/antiquariat-steinbach.com\/rarebooks\/wp-json\/wp\/v2\/product_cat?post=773"},{"taxonomy":"product_tag","embeddable":true,"href":"https:\/\/antiquariat-steinbach.com\/rarebooks\/wp-json\/wp\/v2\/product_tag?post=773"}],"curies":[{"name":"wp","href":"https:\/\/api.w.org\/{rel}","templated":true}]}}