{"id":7725,"date":"2026-03-12T00:22:48","date_gmt":"2026-03-11T23:22:48","guid":{"rendered":"http:\/\/antiquariat-steinbach.com\/rarebooks\/produkt\/der-oekonomische-kuenstler\/"},"modified":"2026-03-12T00:22:49","modified_gmt":"2026-03-11T23:22:49","slug":"sinner-j-chr-d-pseud-schubert-georg-sebastian-der-oekonomische-kuenstler","status":"publish","type":"product","link":"https:\/\/antiquariat-steinbach.com\/rarebooks\/produkt\/sinner-j-chr-d-pseud-schubert-georg-sebastian-der-oekonomische-kuenstler\/","title":{"rendered":"(Sinner, J.Chr.D.,Pseud.:)Schubert, Georg Sebastian: &#8211;  Der \u00f6konomische K\u00fcnstler."},"content":{"rendered":"<p>Koburg und Leipzig, 1816.<\/p>\n<p>Neueste verb. u. verm. Auflage. 19 : 11,5 cm. XXXVI, 363 Seiten mit einem Holzschnitt. Pappband der Zeit mit R\u00fcckenschild.<\/p>\n<p>120,00 EUR<\/p>\n","protected":false},"excerpt":{"rendered":"<p>Enth\u00e4lt 356 Rezepte und Anweisungen f\u00fcr K\u00fcche, Haus, Garten und Landwirtschaft, darunter zahlreiche Hausmittel gegen Krankheiten von Mensch und Vieh, Mittel zur Verbesserung von Tabak, Wein und Bier, Konservierung von Lebensmitteln, Altpapier-Aufbereitung (!) u.v.a. &#8211; Im unteren Rand braunfleckig, einige Lagen mit Wurmspur im w. L\u00e4ngsrand; Einband etwqas berieben und bestossen, &#8211; Vgl. Engelmann, Bibl. oec. 298 (nur 2. Aufl. v. 1800); Lindner 11.1857.05; Holzmann\/B. Pseud. Lex. 253.<\/p>\n","protected":false},"featured_media":27914,"template":"","meta":[],"product_brand":[],"product_cat":[58,127,82,914],"product_tag":[],"class_list":{"0":"post-7725","1":"product","2":"type-product","3":"status-publish","4":"has-post-thumbnail","6":"product_cat-gastronomie","7":"product_cat-landwirtschaft","8":"product_cat-naturwissenschaften","9":"product_cat-zvab","11":"first","12":"instock","13":"purchasable","14":"product-type-simple"},"_links":{"self":[{"href":"https:\/\/antiquariat-steinbach.com\/rarebooks\/wp-json\/wp\/v2\/product\/7725","targetHints":{"allow":["GET"]}}],"collection":[{"href":"https:\/\/antiquariat-steinbach.com\/rarebooks\/wp-json\/wp\/v2\/product"}],"about":[{"href":"https:\/\/antiquariat-steinbach.com\/rarebooks\/wp-json\/wp\/v2\/types\/product"}],"version-history":[{"count":3,"href":"https:\/\/antiquariat-steinbach.com\/rarebooks\/wp-json\/wp\/v2\/product\/7725\/revisions"}],"predecessor-version":[{"id":21773,"href":"https:\/\/antiquariat-steinbach.com\/rarebooks\/wp-json\/wp\/v2\/product\/7725\/revisions\/21773"}],"wp:featuredmedia":[{"embeddable":true,"href":"https:\/\/antiquariat-steinbach.com\/rarebooks\/wp-json\/wp\/v2\/media\/27914"}],"wp:attachment":[{"href":"https:\/\/antiquariat-steinbach.com\/rarebooks\/wp-json\/wp\/v2\/media?parent=7725"}],"wp:term":[{"taxonomy":"product_brand","embeddable":true,"href":"https:\/\/antiquariat-steinbach.com\/rarebooks\/wp-json\/wp\/v2\/product_brand?post=7725"},{"taxonomy":"product_cat","embeddable":true,"href":"https:\/\/antiquariat-steinbach.com\/rarebooks\/wp-json\/wp\/v2\/product_cat?post=7725"},{"taxonomy":"product_tag","embeddable":true,"href":"https:\/\/antiquariat-steinbach.com\/rarebooks\/wp-json\/wp\/v2\/product_tag?post=7725"}],"curies":[{"name":"wp","href":"https:\/\/api.w.org\/{rel}","templated":true}]}}